{"id":723,"date":"2025-09-15T15:03:16","date_gmt":"2025-09-15T15:03:16","guid":{"rendered":"https:\/\/dorf.oberschoellenbach.de\/?page_id=723"},"modified":"2025-09-15T15:03:16","modified_gmt":"2025-09-15T15:03:16","slug":"september-in-oberschoellenbach","status":"publish","type":"page","link":"https:\/\/dorf.oberschoellenbach.de\/index.php\/september-in-oberschoellenbach\/","title":{"rendered":"September in Obersch\u00f6llenbach"},"content":{"rendered":"<h2>Der September in Obersch\u00f6llenbach im Laufe der Jahre<\/h2>\n<table width=\"100%\">\n<tbody>\n<tr>\n<td width=\"15%\">Sep. 1872:<\/td>\n<td width=\"85%\">Fr\u00e4nkische Zeitung 1872, Nr. 235, 27. Sep. &#8211; Die Berufung des Bauern H. Seibold von Obersch\u00f6llenbach, gegen das Urteil des Bez.-Ger. N\u00fcrnberg, wonach die N\u00e4herin R. B\u00f6hm von Tauersreuth wegen Beleidigung frei gesprochen wurde, wird verworfen.<\/td>\n<\/tr>\n<tr>\n<td>28. Sep. 1975:<\/td>\n<td>\n<figure id=\"attachment_729\" aria-describedby=\"caption-attachment-729\" style=\"width: 150px\" class=\"wp-caption alignleft\"><a href=\"https:\/\/dorf.oberschoellenbach.de\/wp-content\/uploads\/2025\/09\/1983__FW_Haus_Treppe_Eingang.jpg\"><img loading=\"lazy\" decoding=\"async\" class=\"size-thumbnail wp-image-729\" src=\"https:\/\/dorf.oberschoellenbach.de\/wp-content\/uploads\/2025\/09\/1983__FW_Haus_Treppe_Eingang-150x150.jpg\" alt=\"September in Obersch\u00f6llenbach\" width=\"150\" height=\"150\" \/><\/a><figcaption id=\"caption-attachment-729\" class=\"wp-caption-text\">Feuerwehrhaus 1983<\/figcaption><\/figure>\n<figure id=\"attachment_728\" aria-describedby=\"caption-attachment-728\" style=\"width: 150px\" class=\"wp-caption alignright\"><a href=\"https:\/\/dorf.oberschoellenbach.de\/wp-content\/uploads\/2025\/09\/1983__FW_Haus_ohne_Anbau.jpg\"><img loading=\"lazy\" decoding=\"async\" class=\"size-thumbnail wp-image-728\" src=\"https:\/\/dorf.oberschoellenbach.de\/wp-content\/uploads\/2025\/09\/1983__FW_Haus_ohne_Anbau-150x150.jpg\" alt=\"September in Obersch\u00f6llenbach\" width=\"150\" height=\"150\" \/><\/a><figcaption id=\"caption-attachment-728\" class=\"wp-caption-text\">FW Haus 1983<\/figcaption><\/figure>\n<p>Festliche Einweihung des Feuerwehrhaus-Neubaus mit einem 400-Mann Zelt. Also bei Erstellung der Niederschrift vor genau 50 Jahren.<br \/>\nDie Bilder zeigen das Geb\u00e4ude acht Jahre sp\u00e4ter.<\/td>\n<\/tr>\n<tr>\n<td>Sep. 1977:<\/td>\n<td>Voyager 1 startet am 5. Sep. und wird sp\u00e4ter eine Reisegeschwindigkeit von 17 km pro Sekunde(!) erreichen. Auf ihrer Route holt sie am Jupiter und Saturn Schwung und wird 2012 in den interstellaren Raum einfliegen. In Fr\u00fchjahr 2021 wird sie 23 Milliarden km (152-mal Sonne\/Erde) unterwegs sein. Funksignale werden \u00fcber 21 Std. ben\u00f6tigen.<\/td>\n<\/tr>\n<tr>\n<td>Sep. 1978:<\/td>\n<td>\n<figure id=\"attachment_731\" aria-describedby=\"caption-attachment-731\" style=\"width: 150px\" class=\"wp-caption alignright\"><a href=\"https:\/\/dorf.oberschoellenbach.de\/wp-content\/uploads\/2025\/09\/Gasthaus_Oase__Oase_Atmosphaere.jpg\"><img loading=\"lazy\" decoding=\"async\" class=\"size-thumbnail wp-image-731\" src=\"https:\/\/dorf.oberschoellenbach.de\/wp-content\/uploads\/2025\/09\/Gasthaus_Oase__Oase_Atmosphaere-150x150.jpg\" alt=\"September in Obersch\u00f6llenbach\" width=\"150\" height=\"150\" \/><\/a><figcaption id=\"caption-attachment-731\" class=\"wp-caption-text\">Anzeige zur Er\u00f6ffnung<\/figcaption><\/figure>\n<figure id=\"attachment_732\" aria-describedby=\"caption-attachment-732\" style=\"width: 150px\" class=\"wp-caption alignleft\"><a href=\"https:\/\/dorf.oberschoellenbach.de\/wp-content\/uploads\/2025\/09\/Gasthaus_Oase_Schumm.jpg\"><img loading=\"lazy\" decoding=\"async\" class=\"size-thumbnail wp-image-732\" src=\"https:\/\/dorf.oberschoellenbach.de\/wp-content\/uploads\/2025\/09\/Gasthaus_Oase_Schumm-150x150.jpg\" alt=\"September in Obersch\u00f6llenbach\" width=\"150\" height=\"150\" \/><\/a><figcaption id=\"caption-attachment-732\" class=\"wp-caption-text\">Gasthaus_Oase_Schumm<\/figcaption><\/figure>\n<p>Norbert &#8222;Nobby&#8220; Schumm erwirbt &#8222;unser&#8220; Gasthaus im Mai 1978, baut die Pilsbar um, nennt sie ab sofort &#8222;Oase&#8220; und er\u00f6ffnet im Sep. 1978. Der Tanzsaal im oberen Stock wird aufgegeben.<\/td>\n<\/tr>\n<tr>\n<td>Sep. 1982:<\/td>\n<td>Einweihung der Hauptschule in Eschenau f\u00fcr Kinder ab der f\u00fcnften Klasse. Die Schule f\u00fcr Brand, Unter- und Obersch\u00f6llenbach wird daher in eine Grundschule umgebildet.<\/td>\n<\/tr>\n<tr>\n<td>Sep. 1990:<\/td>\n<td>Mit Friedebach im Erzgebirge wird feierlich die Partnerschaftsurkunde unterzeichnet. Es entstehen eine langj\u00e4hrige, gelebte Partnerschaft und Freundschaft.<\/td>\n<\/tr>\n<tr>\n<td>Sep. 1995:<\/td>\n<td>Das Gymnasium Eckental nimmt den Schulbetrieb im Interimsgeb\u00e4ude in Eschenau auf. Vier Jahre sp\u00e4ter, im Sep. 1999, wird der Umzug in den Neubau erfolgen.<\/td>\n<\/tr>\n<tr>\n<td>Sep. 1998:<\/td>\n<td>Geburtsstunde einer neuen &#8222;Institution&#8220;: Jugendfeuerwehr in Obersch\u00f6llenbach.<\/td>\n<\/tr>\n<tr>\n<td>Sep. 2000:<\/td>\n<td>Friedebach kommt zum 10-j\u00e4hrigen Jubil\u00e4um zu Besuch.<\/td>\n<\/tr>\n<tr>\n<td>Sep. 2004:<\/td>\n<td>Triantafillos Dimitrakopoulos (Dimi) ersteigert &#8222;unser&#8220; Gasthaus im Jan. 2004, baut sehr vieles um, renoviert das Geb\u00e4ude nahezu vollst\u00e4ndig und er\u00f6ffnet im Sep. 2004 als &#8222;Akropolis bei Dimi&#8220;.<\/td>\n<\/tr>\n<tr>\n<td>Sep. 2010:<\/td>\n<td>\n<figure id=\"attachment_727\" aria-describedby=\"caption-attachment-727\" style=\"width: 150px\" class=\"wp-caption alignleft\"><a href=\"https:\/\/dorf.oberschoellenbach.de\/wp-content\/uploads\/2025\/09\/Kurt-Albert_schwarz_weis.jpg\"><img loading=\"lazy\" decoding=\"async\" class=\"size-thumbnail wp-image-727\" src=\"https:\/\/dorf.oberschoellenbach.de\/wp-content\/uploads\/2025\/09\/Kurt-Albert_schwarz_weis-150x150.jpg\" alt=\"September in Obersch\u00f6llenbach\" width=\"150\" height=\"150\" \/><\/a><figcaption id=\"caption-attachment-727\" class=\"wp-caption-text\">Kurt Albert<\/figcaption><\/figure>\n<p><a href=\"https:\/\/dorf.oberschoellenbach.de\/wp-content\/uploads\/2025\/09\/Kurt-Albert_Buch_freisein.jpg\"><img loading=\"lazy\" decoding=\"async\" class=\"alignright size-thumbnail wp-image-726\" src=\"https:\/\/dorf.oberschoellenbach.de\/wp-content\/uploads\/2025\/09\/Kurt-Albert_Buch_freisein-150x150.jpg\" alt=\"September in Obersch\u00f6llenbach\" width=\"150\" height=\"150\" \/><\/a>Der Kletterer und Eiger-Nordwand-Besteiger Kurt Albert, ausgezeichnet mit dem Silbernen Lorbeerblatt (die h\u00f6chste deutsche Sportauszeichnung), st\u00fcrzt beim Fotografieren am Klettersteig H\u00f6hengl\u00fccksteig ab und stirbt 2 Tage sp\u00e4ter.<\/td>\n<\/tr>\n<tr>\n<td>Sep. 2010:<\/td>\n<td>\n<figure id=\"attachment_730\" aria-describedby=\"caption-attachment-730\" style=\"width: 150px\" class=\"wp-caption alignright\"><a href=\"https:\/\/dorf.oberschoellenbach.de\/wp-content\/uploads\/2025\/09\/Fiedebach_Besuch_20_Jahre.jpg\"><img loading=\"lazy\" decoding=\"async\" class=\"size-thumbnail wp-image-730\" src=\"https:\/\/dorf.oberschoellenbach.de\/wp-content\/uploads\/2025\/09\/Fiedebach_Besuch_20_Jahre-150x150.jpg\" alt=\"September in Obersch\u00f6llenbach\" width=\"150\" height=\"150\" \/><\/a><figcaption id=\"caption-attachment-730\" class=\"wp-caption-text\">Feier mit der Partnerwehr Friedebach<\/figcaption><\/figure>\n<p>Ein ganzes Wochenende lang feierte die Freiwillige Feuerwehr Obersch\u00f6llenbach zusammen mit der Feuerwehr Friedebach aus Sachsen ihre 20-j\u00e4hrige Partnerschaft.<\/td>\n<\/tr>\n<tr>\n<td>Sep. 2025:<\/td>\n<td>\n<figure id=\"attachment_724\" aria-describedby=\"caption-attachment-724\" style=\"width: 150px\" class=\"wp-caption alignleft\"><a href=\"https:\/\/dorf.oberschoellenbach.de\/wp-content\/uploads\/2025\/09\/Glasfaser_Kasten_Aussen.jpg\"><img loading=\"lazy\" decoding=\"async\" class=\"size-thumbnail wp-image-724\" src=\"https:\/\/dorf.oberschoellenbach.de\/wp-content\/uploads\/2025\/09\/Glasfaser_Kasten_Aussen-150x150.jpg\" alt=\"September in Obersch\u00f6llenbach\" width=\"150\" height=\"150\" \/><\/a><figcaption id=\"caption-attachment-724\" class=\"wp-caption-text\">Netzverteiler-Kasten<\/figcaption><\/figure>\n<figure id=\"attachment_725\" aria-describedby=\"caption-attachment-725\" style=\"width: 150px\" class=\"wp-caption alignleft\"><a href=\"https:\/\/dorf.oberschoellenbach.de\/wp-content\/uploads\/2025\/09\/Glasfaser_Kasten_Innen.jpg\"><img loading=\"lazy\" decoding=\"async\" class=\"size-thumbnail wp-image-725\" src=\"https:\/\/dorf.oberschoellenbach.de\/wp-content\/uploads\/2025\/09\/Glasfaser_Kasten_Innen-150x150.jpg\" alt=\"September in Obersch\u00f6llenbach\" width=\"150\" height=\"150\" \/><\/a><figcaption id=\"caption-attachment-725\" class=\"wp-caption-text\">NVK Innenansicht<\/figcaption><\/figure>\n<p>Als sichtbares Zeichen der kommenden, modernen Internetanbietung unseres Ortsteiles werden im Zuge der Mikrorohrverlegung die ersten Glasfaser-Verteilerk\u00e4sten aufgestellt.&#8220;<\/td>\n<\/tr>\n<\/tbody>\n<\/table>\n","protected":false},"excerpt":{"rendered":"<p>Der September in Obersch\u00f6llenbach im Laufe der Jahre Sep. 1872: Fr\u00e4nkische Zeitung 1872, Nr. 235, 27. Sep. &#8211; Die Berufung des Bauern H. Seibold von Obersch\u00f6llenbach, gegen das Urteil des&hellip;<\/p>\n<p> <a class=\"more-link\" href=\"https:\/\/dorf.oberschoellenbach.de\/index.php\/september-in-oberschoellenbach\/\">Weiterlesen<\/a><\/p>\n","protected":false},"author":1,"featured_media":0,"parent":0,"menu_order":0,"comment_status":"closed","ping_status":"closed","template":"","meta":{"footnotes":""},"class_list":["post-723","page","type-page","status-publish"],"jetpack_sharing_enabled":true,"_links":{"self":[{"href":"https:\/\/dorf.oberschoellenbach.de\/index.php\/wp-json\/wp\/v2\/pages\/723","targetHints":{"allow":["GET"]}}],"collection":[{"href":"https:\/\/dorf.oberschoellenbach.de\/index.php\/wp-json\/wp\/v2\/pages"}],"about":[{"href":"https:\/\/dorf.oberschoellenbach.de\/index.php\/wp-json\/wp\/v2\/types\/page"}],"author":[{"embeddable":true,"href":"https:\/\/dorf.oberschoellenbach.de\/index.php\/wp-json\/wp\/v2\/users\/1"}],"replies":[{"embeddable":true,"href":"https:\/\/dorf.oberschoellenbach.de\/index.php\/wp-json\/wp\/v2\/comments?post=723"}],"version-history":[{"count":1,"href":"https:\/\/dorf.oberschoellenbach.de\/index.php\/wp-json\/wp\/v2\/pages\/723\/revisions"}],"predecessor-version":[{"id":733,"href":"https:\/\/dorf.oberschoellenbach.de\/index.php\/wp-json\/wp\/v2\/pages\/723\/revisions\/733"}],"wp:attachment":[{"href":"https:\/\/dorf.oberschoellenbach.de\/index.php\/wp-json\/wp\/v2\/media?parent=723"}],"curies":[{"name":"wp","href":"https:\/\/api.w.org\/{rel}","templated":true}]}}