{"id":642,"date":"2025-08-13T15:40:39","date_gmt":"2025-08-13T15:40:39","guid":{"rendered":"https:\/\/dorf.oberschoellenbach.de\/?page_id=642"},"modified":"2025-08-13T15:40:39","modified_gmt":"2025-08-13T15:40:39","slug":"august-in-oberschoellenbach","status":"publish","type":"page","link":"https:\/\/dorf.oberschoellenbach.de\/index.php\/august-in-oberschoellenbach\/","title":{"rendered":"August in Obersch\u00f6llenbach"},"content":{"rendered":"<h2>Der August in Obersch\u00f6llenbach im Laufe der Jahre<\/h2>\n<table width=\"100%\">\n<tbody>\n<tr>\n<td width=\"15%\">Aug. 1812:<\/td>\n<td width=\"85%\">Im Aug. 1812 erwirbt eine Gruppe von Obersch\u00f6llenbacher Bauern unter F\u00fchrung von Johann Seibold das &#8222;untere&#8220; Herrenhaus {alte Haus-Nr. 1} mit allen Nebengeb\u00e4uden. Aus diesem Geh\u00f6ft erwirbt Simon Beck dann alsdann das Zwingerh\u00e4uslein {alte Haus-Nr. 3 \u2013 das sp\u00e4tere Gasthaus}.<\/td>\n<\/tr>\n<tr>\n<td>25. Aug. 1906:<\/td>\n<td>&#8222;Im alten Feuerwehr-Protokollbuch findet sich der folgende Eintrag:<br \/>\n&#8222;&#8220;Kapitalaufnahme von 1000,&#8211; DM bei der Darlehnskasse Eschenau.&#8220;&#8220; Dies entspricht nach Kaufkraft\u00e4quivalente heute 7200,&#8211; Euro.&#8220;<\/td>\n<\/tr>\n<tr>\n<td>Aug. 1919:<\/td>\n<td>&#8222;Mit der &#8222;&#8220;Weimarer Verfassung&#8220;&#8220; werden 1919 die Vorrechte des Adels abgeschafft.<br \/>\nUnter anderen wird auch der adelige SS-Gruppenf\u00fchrer Otto Emil Georg Sixtus von Oelhafen (1886-1952) wegen schwerster Kriegsverbrechen beschuldigt.&#8220;<\/td>\n<\/tr>\n<tr>\n<td>7. Aug. 1921:<\/td>\n<td>&#8222;13 Gesangsvereine der Region schlie\u00dfen sich zur S\u00e4ngervereinigung Schwabachgau bzw. Schwabachgrund zusammen. Der MGV &#8222;&#8220;Aurora&#8220;&#8220; ist dabei.<\/p>\n<figure id=\"attachment_636\" aria-describedby=\"caption-attachment-636\" style=\"width: 300px\" class=\"wp-caption alignleft\"><a href=\"https:\/\/dorf.oberschoellenbach.de\/wp-content\/uploads\/2025\/08\/Saengervereinigung.jpg\"><img loading=\"lazy\" decoding=\"async\" class=\"wp-image-636 size-medium\" src=\"https:\/\/dorf.oberschoellenbach.de\/wp-content\/uploads\/2025\/08\/Saengervereinigung-300x169.jpg\" alt=\"August in Obersch\u00f6llenbach\" width=\"300\" height=\"169\" srcset=\"https:\/\/dorf.oberschoellenbach.de\/wp-content\/uploads\/2025\/08\/Saengervereinigung-300x169.jpg 300w, https:\/\/dorf.oberschoellenbach.de\/wp-content\/uploads\/2025\/08\/Saengervereinigung-1024x576.jpg 1024w, https:\/\/dorf.oberschoellenbach.de\/wp-content\/uploads\/2025\/08\/Saengervereinigung-768x432.jpg 768w, https:\/\/dorf.oberschoellenbach.de\/wp-content\/uploads\/2025\/08\/Saengervereinigung.jpg 1450w\" sizes=\"auto, (max-width: 300px) 100vw, 300px\" \/><\/a><figcaption id=\"caption-attachment-636\" class=\"wp-caption-text\">Die Ch\u00f6re aus Forth-B\u00fcg, Wei\u00dfenohe, Eckenhaid und Obersch\u00f6llenbach.<\/figcaption><\/figure>\n<p><a href=\"https:\/\/www.nordbayern.de\/erlangen\/sangervereinigung-schwabachgrund-gemeinsamer-gesang-seit-100-jahren-1.11243468\" target=\"_blank\" rel=\"noopener\">Info zum Bild<\/a><\/td>\n<\/tr>\n<tr>\n<td>Aug. 1949:<\/td>\n<td>&#8222;Im alten Feuerwehr-Protokollbuch findet sich der folgende Eintrag:<br \/>\n&#8222;Am 28. August werden folgende Kameraden unter die Waffen gerufen: Deuerlein Hans, Felseis Hans, Holfelder Hans, Bub Georg, Dummert Johann, Stiegler Fritz.\u201c<\/td>\n<\/tr>\n<tr>\n<td>Aug. 1963:<\/td>\n<td>Die Firma Philips stellt auf der Funk-Ausstellung die Kompaktkassette mit zugeh\u00f6rigem Kassettenrekorder vor. Zum ersten Mal wird individuelle Musik tragbar und erschwinglich. Solche Ger\u00e4te sind kurz darauf auch im Obersch\u00f6llenbach intensiv, laut und mit der damaligen Klangqualit\u00e4t in Benutzung.<\/td>\n<\/tr>\n<tr>\n<td>Aug. 1978:<\/td>\n<td>\n<figure id=\"attachment_635\" aria-describedby=\"caption-attachment-635\" style=\"width: 148px\" class=\"wp-caption alignleft\"><a href=\"https:\/\/dorf.oberschoellenbach.de\/wp-content\/uploads\/2025\/08\/Nobby_Schumm.jpg\"><img loading=\"lazy\" decoding=\"async\" class=\"size-full wp-image-635\" src=\"https:\/\/dorf.oberschoellenbach.de\/wp-content\/uploads\/2025\/08\/Nobby_Schumm.jpg\" alt=\"August in Obersch\u00f6llenbach\" width=\"148\" height=\"148\" \/><\/a><figcaption id=\"caption-attachment-635\" class=\"wp-caption-text\">Norbert Schumm<\/figcaption><\/figure>\n<p>Schon im Mai &#8217;78 hatte Norbert &#8222;Nobby&#8220; Schumm das Objekt mit der alten Haus-Nr. 3 erworben. Die Gastst\u00e4tte \u00f6ffnet am 18. 08.1978 neu, hei\u00dft ab sofort &#8222;Oase&#8220; und wird eigentlich immer von Anne Schumm gef\u00fchrt. Norbert betreibt die Disco &#8222;Albatros&#8220; in Sendelbach vorerst weiter.<\/td>\n<\/tr>\n<tr>\n<td>Aug. 1982:<\/td>\n<td>&#8222;Eine Epoche geht zu Ende, eine neue beginnt: Das Zeitalter der optischen Datentr\u00e4ger. Das erste Album auf einer Compact Disc (CD) erscheint (&#8218;The Visitors&#8216; von Abba). Entwickelt wurde die CD von Philips und Sony.<br \/>\nVon 1982 bis 2007 werden 200 Milliarden CDs verkauft werden.&#8220;<\/td>\n<\/tr>\n<tr>\n<td>Aug. 1984:<\/td>\n<td>&#8222;Am 3. Aug. trudelt in der Universit\u00e4t Karlsruhe die erste E-Mail in Deutschland ein. Abgeschickt vom &#8218;Massachusetts Institute of Technology&#8216; (MIT).<br \/>\n40 Jahre sp\u00e4ter werden 360 Milliarden E-Mails am Tag versendet.&#8220;<\/td>\n<\/tr>\n<tr>\n<td>Aug. 1992:<\/td>\n<td>\n<figure id=\"attachment_638\" aria-describedby=\"caption-attachment-638\" style=\"width: 300px\" class=\"wp-caption alignleft\"><a href=\"https:\/\/dorf.oberschoellenbach.de\/wp-content\/uploads\/2025\/08\/Wolfgang_Guellich-1.jpg\"><img loading=\"lazy\" decoding=\"async\" class=\"size-medium wp-image-638\" src=\"https:\/\/dorf.oberschoellenbach.de\/wp-content\/uploads\/2025\/08\/Wolfgang_Guellich-1-300x169.jpg\" alt=\"August in Obersch\u00f6llenbach\" width=\"300\" height=\"169\" srcset=\"https:\/\/dorf.oberschoellenbach.de\/wp-content\/uploads\/2025\/08\/Wolfgang_Guellich-1-300x169.jpg 300w, https:\/\/dorf.oberschoellenbach.de\/wp-content\/uploads\/2025\/08\/Wolfgang_Guellich-1.jpg 768w\" sizes=\"auto, (max-width: 300px) 100vw, 300px\" \/><\/a><figcaption id=\"caption-attachment-638\" class=\"wp-caption-text\">Wolfgang G\u00fcllich mit Syvester Stallone<\/figcaption><\/figure>\n<p>Der &#8222;Wetten, dass..?&#8220; Teilnehmer Wolfgang G\u00fcllich, ausgezeichnet mit dem Silbernen Lorbeerblatt (die h\u00f6chste deutsche Sportauszeichnung), verungl\u00fcckt auf der A9 t\u00f6dlich. G\u00fcllichs Grab in Obertrubach wird zur Wallfahrtsst\u00e4tte der Kletterszene.<\/p>\n<figure id=\"attachment_638\" aria-describedby=\"caption-attachment-638\" style=\"width: 300px\" class=\"wp-caption alignright\"><a href=\"https:\/\/dorf.oberschoellenbach.de\/wp-content\/uploads\/2025\/08\/Wolfgang_Guellich-1.jpg\"><img loading=\"lazy\" decoding=\"async\" class=\"size-medium wp-image-638\" src=\"https:\/\/dorf.oberschoellenbach.de\/wp-content\/uploads\/2025\/08\/Wolfgang_Guellich-1-300x169.jpg\" alt=\"August in Obersch\u00f6llenbach\" width=\"300\" height=\"169\" srcset=\"https:\/\/dorf.oberschoellenbach.de\/wp-content\/uploads\/2025\/08\/Wolfgang_Guellich-1-300x169.jpg 300w, https:\/\/dorf.oberschoellenbach.de\/wp-content\/uploads\/2025\/08\/Wolfgang_Guellich-1.jpg 768w\" sizes=\"auto, (max-width: 300px) 100vw, 300px\" \/><\/a><figcaption id=\"caption-attachment-638\" class=\"wp-caption-text\">Wolfgang G\u00fcllich mit Syvester Stallone<\/figcaption><\/figure>\n<p>Bild: Nach seinem Tod kam der Film &#8222;Cliffhanger&#8220; in die Kinos &#8211; Wolfgang G\u00fcllich hatte Sylvester Stallone gedoubelt.<\/td>\n<\/tr>\n<tr>\n<td>Aug. 2008:<\/td>\n<td>\n<figure id=\"attachment_634\" aria-describedby=\"caption-attachment-634\" style=\"width: 69px\" class=\"wp-caption alignleft\"><a href=\"https:\/\/dorf.oberschoellenbach.de\/wp-content\/uploads\/2025\/08\/Konny_Oelhafen.png\"><img loading=\"lazy\" decoding=\"async\" class=\"wp-image-634 size-full\" src=\"https:\/\/dorf.oberschoellenbach.de\/wp-content\/uploads\/2025\/08\/Konny_Oelhafen.png\" alt=\"August in Obersch\u00f6llenbach\" width=\"69\" height=\"106\" \/><\/a><figcaption id=\"caption-attachment-634\" class=\"wp-caption-text\">Konrad von Oelhafen<\/figcaption><\/figure>\n<p>Der Lehrer und Schulleiter Konrad &#8222;Konny&#8220; von Oelhafen lebt in Berlin \/ Spandau. Am Schnapszahl-Tag 20.08.2008 heiraten in Berlin 200 Paare, darunter auch &#8222;Konny&#8220; von Oelhafen, ein Nachfahre der Familie Oelhafen von Sch\u00f6llenbach.<\/td>\n<\/tr>\n<tr>\n<td>Aug. 2017:<\/td>\n<td>Die Musik &#8222;Riders on the Storm&#8220; (the Doors) erklingt in Obertrubach zum 25. Todestag des Obersch\u00f6llenbachers Wolfgang G\u00fcllich. 40 ehemalige Freunde des weltber\u00fchmten Extremsportlers aus verschiedenen Staaten sind zum Grab gereist.<\/td>\n<\/tr>\n<tr>\n<td>Aug. 2018:<\/td>\n<td>Die K\u00fcbelsbachschlucht zwischen Obersch\u00f6llenbach und R\u00f6ckenhof wird als Spazier- und Wanderweg neu markiert, kartiert und als Genusswanderweg aufgenommen.<\/p>\n<p><figure id=\"attachment_633\" aria-describedby=\"caption-attachment-633\" style=\"width: 300px\" class=\"wp-caption alignright\"><a href=\"https:\/\/dorf.oberschoellenbach.de\/wp-content\/uploads\/2025\/08\/Hinweistafel_Kuebelsbachschlucht.jpg\"><img loading=\"lazy\" decoding=\"async\" class=\"size-medium wp-image-633\" src=\"https:\/\/dorf.oberschoellenbach.de\/wp-content\/uploads\/2025\/08\/Hinweistafel_Kuebelsbachschlucht-300x148.jpg\" alt=\"August in Obersch\u00f6llenbach\" width=\"300\" height=\"148\" srcset=\"https:\/\/dorf.oberschoellenbach.de\/wp-content\/uploads\/2025\/08\/Hinweistafel_Kuebelsbachschlucht-300x148.jpg 300w, https:\/\/dorf.oberschoellenbach.de\/wp-content\/uploads\/2025\/08\/Hinweistafel_Kuebelsbachschlucht-768x380.jpg 768w, https:\/\/dorf.oberschoellenbach.de\/wp-content\/uploads\/2025\/08\/Hinweistafel_Kuebelsbachschlucht.jpg 1011w\" sizes=\"auto, (max-width: 300px) 100vw, 300px\" \/><\/a><figcaption id=\"caption-attachment-633\" class=\"wp-caption-text\">Genusswanderweg bei Obersch\u00f6llenbach<\/figcaption><\/figure><\/td>\n<\/tr>\n<tr>\n<td>3.08.2022:<\/td>\n<td>\n<figure id=\"attachment_640\" aria-describedby=\"caption-attachment-640\" style=\"width: 300px\" class=\"wp-caption alignright\"><a href=\"https:\/\/dorf.oberschoellenbach.de\/wp-content\/uploads\/2025\/08\/Tiny_Hinten.jpg\"><img loading=\"lazy\" decoding=\"async\" class=\"size-medium wp-image-640\" src=\"https:\/\/dorf.oberschoellenbach.de\/wp-content\/uploads\/2025\/08\/Tiny_Hinten-300x168.jpg\" alt=\"August in Obersch\u00f6llenbach\" width=\"300\" height=\"168\" srcset=\"https:\/\/dorf.oberschoellenbach.de\/wp-content\/uploads\/2025\/08\/Tiny_Hinten-300x168.jpg 300w, https:\/\/dorf.oberschoellenbach.de\/wp-content\/uploads\/2025\/08\/Tiny_Hinten-1024x574.jpg 1024w, https:\/\/dorf.oberschoellenbach.de\/wp-content\/uploads\/2025\/08\/Tiny_Hinten-768x430.jpg 768w, https:\/\/dorf.oberschoellenbach.de\/wp-content\/uploads\/2025\/08\/Tiny_Hinten.jpg 1514w\" sizes=\"auto, (max-width: 300px) 100vw, 300px\" \/><\/a><figcaption id=\"caption-attachment-640\" class=\"wp-caption-text\">Das Tiny House zieht um<\/figcaption><\/figure>\n<p>Das auf einem LKW-Anh\u00e4nger aufgebaute (in Obs. erste und einzige) \u201eTinyhouse\u201c (tiny = winzig) wird wieder in den Landkreis Landshut abtransportiert. Am 17.07.2021 wurde es in der N\u00e4he des Hirtenhauses (alte Haus-Nr. 19) von dessen Besitzer geparkt und f\u00fcr ein Jahr als Wohnung genutzt.<\/p>\n<p><figure id=\"attachment_639\" aria-describedby=\"caption-attachment-639\" style=\"width: 300px\" class=\"wp-caption alignright\"><a href=\"https:\/\/dorf.oberschoellenbach.de\/wp-content\/uploads\/2025\/08\/Tiny_Vorne.jpg\"><img loading=\"lazy\" decoding=\"async\" class=\"size-medium wp-image-639\" src=\"https:\/\/dorf.oberschoellenbach.de\/wp-content\/uploads\/2025\/08\/Tiny_Vorne-300x169.jpg\" alt=\"August in Obersch\u00f6llenbach\" width=\"300\" height=\"169\" srcset=\"https:\/\/dorf.oberschoellenbach.de\/wp-content\/uploads\/2025\/08\/Tiny_Vorne-300x169.jpg 300w, https:\/\/dorf.oberschoellenbach.de\/wp-content\/uploads\/2025\/08\/Tiny_Vorne-1024x577.jpg 1024w, https:\/\/dorf.oberschoellenbach.de\/wp-content\/uploads\/2025\/08\/Tiny_Vorne-768x433.jpg 768w, https:\/\/dorf.oberschoellenbach.de\/wp-content\/uploads\/2025\/08\/Tiny_Vorne.jpg 1503w\" sizes=\"auto, (max-width: 300px) 100vw, 300px\" \/><\/a><figcaption id=\"caption-attachment-639\" class=\"wp-caption-text\">&#8230; und tsch\u00fcss!<\/figcaption><\/figure><\/td>\n<\/tr>\n<\/tbody>\n<\/table>\n","protected":false},"excerpt":{"rendered":"<p>Der August in Obersch\u00f6llenbach im Laufe der Jahre Aug. 1812: Im Aug. 1812 erwirbt eine Gruppe von Obersch\u00f6llenbacher Bauern unter F\u00fchrung von Johann Seibold das &#8222;untere&#8220; Herrenhaus {alte Haus-Nr. 1}&hellip;<\/p>\n<p> <a class=\"more-link\" href=\"https:\/\/dorf.oberschoellenbach.de\/index.php\/august-in-oberschoellenbach\/\">Weiterlesen<\/a><\/p>\n","protected":false},"author":1,"featured_media":0,"parent":0,"menu_order":0,"comment_status":"closed","ping_status":"closed","template":"","meta":{"footnotes":""},"class_list":["post-642","page","type-page","status-publish"],"jetpack_sharing_enabled":true,"_links":{"self":[{"href":"https:\/\/dorf.oberschoellenbach.de\/index.php\/wp-json\/wp\/v2\/pages\/642","targetHints":{"allow":["GET"]}}],"collection":[{"href":"https:\/\/dorf.oberschoellenbach.de\/index.php\/wp-json\/wp\/v2\/pages"}],"about":[{"href":"https:\/\/dorf.oberschoellenbach.de\/index.php\/wp-json\/wp\/v2\/types\/page"}],"author":[{"embeddable":true,"href":"https:\/\/dorf.oberschoellenbach.de\/index.php\/wp-json\/wp\/v2\/users\/1"}],"replies":[{"embeddable":true,"href":"https:\/\/dorf.oberschoellenbach.de\/index.php\/wp-json\/wp\/v2\/comments?post=642"}],"version-history":[{"count":2,"href":"https:\/\/dorf.oberschoellenbach.de\/index.php\/wp-json\/wp\/v2\/pages\/642\/revisions"}],"predecessor-version":[{"id":644,"href":"https:\/\/dorf.oberschoellenbach.de\/index.php\/wp-json\/wp\/v2\/pages\/642\/revisions\/644"}],"wp:attachment":[{"href":"https:\/\/dorf.oberschoellenbach.de\/index.php\/wp-json\/wp\/v2\/media?parent=642"}],"curies":[{"name":"wp","href":"https:\/\/api.w.org\/{rel}","templated":true}]}}