{"id":415,"date":"2025-05-19T08:58:28","date_gmt":"2025-05-19T08:58:28","guid":{"rendered":"https:\/\/dorf.oberschoellenbach.de\/?page_id=415"},"modified":"2025-05-20T10:06:28","modified_gmt":"2025-05-20T10:06:28","slug":"mai","status":"publish","type":"page","link":"https:\/\/dorf.oberschoellenbach.de\/index.php\/mai\/","title":{"rendered":"Mai in Obersch\u00f6llenbach"},"content":{"rendered":"<h2>Der Mai in Obersch\u00f6llenbach im Laufe der Jahre<\/h2>\n<p>&nbsp;<\/p>\n<table width=\"100%\">\n<tbody>\n<tr>\n<td width=\"15%\">Mai 1886<\/td>\n<td width=\"85%\">Im Jahresbericht des Kreis-Feuerwehr-Ausschusses f\u00fcr Mfr. wird auf Seite 52 mitgeteilt, dass &#8222;L\u00f6schmaschinen&#8220; in 43 Gemeinden ausgetauscht worden sind. Auch in Obersch\u00f6llenbach.<\/td>\n<\/tr>\n<tr>\n<td>Mai 1888<\/td>\n<td>Karl Maximilian Oelhafen von Sch\u00f6llenbach (*1850) stirbt am 21. Mai 1888. In den Aufzeichnungen hei\u00dft es: &#8222;&#8230; hat sich wohl erschossen&#8220;.<\/td>\n<\/tr>\n<tr>\n<td>Mai 1945<\/td>\n<td>&#8222;Unser&#8220; Gasthaus wird an Familie Zierer verpachtet. Weiterhin wird es als normales &#8222;Dorf-Wirtshaus&#8220; mit Tanzsaal gen\u00fctzt und haupts\u00e4chlich von der Ehefrau betrieben.<\/p>\n<p><figure id=\"attachment_417\" aria-describedby=\"caption-attachment-417\" style=\"width: 300px\" class=\"wp-caption aligncenter\"><a href=\"https:\/\/dorf.oberschoellenbach.de\/wp-content\/uploads\/2025\/05\/1955_Gasthaus_360.jpg\"><img loading=\"lazy\" decoding=\"async\" class=\"size-medium wp-image-417\" src=\"https:\/\/dorf.oberschoellenbach.de\/wp-content\/uploads\/2025\/05\/1955_Gasthaus_360-300x203.jpg\" alt=\"\" width=\"300\" height=\"203\" srcset=\"https:\/\/dorf.oberschoellenbach.de\/wp-content\/uploads\/2025\/05\/1955_Gasthaus_360-300x203.jpg 300w, https:\/\/dorf.oberschoellenbach.de\/wp-content\/uploads\/2025\/05\/1955_Gasthaus_360.jpg 628w\" sizes=\"auto, (max-width: 300px) 100vw, 300px\" \/><\/a><figcaption id=\"caption-attachment-417\" class=\"wp-caption-text\">Bild: Peter Bajus<\/figcaption><\/figure><\/td>\n<\/tr>\n<tr>\n<td>Mai 1948<\/td>\n<td>Die S\u00e4ngervereinigung Schwabachgrund wird wieder gegr\u00fcndet. Alle 18 Vereine, auch Obersch\u00f6llenbach, sind erneut dabei.<\/td>\n<\/tr>\n<tr>\n<td>Mai 1949<\/td>\n<td>Das Grundgesetz (GG), die Verfassung f\u00fcr die Bundesrepublik Deutschland, wird vom Parlamentarischen Rat am 8. Mai 1949 beschlossen und von den Alliierten genehmigt.<\/td>\n<\/tr>\n<tr>\n<td>Mai 1949<\/td>\n<td>Am 23. Mai 1949 wird das Grundgesetz verk\u00fcndet, einen Tag sp\u00e4ter tritt es in Kraft.<\/td>\n<\/tr>\n<tr>\n<td>Mai 1956<\/td>\n<td>50 Jahre Freiwillige Feuerwehr Obersch\u00f6llenbach.<\/td>\n<\/tr>\n<tr>\n<td>Mai 1978<\/td>\n<td>Norbert &#8222;Nobby&#8220; Schumm erwirbt &#8222;unser&#8220; Gasthaus, baut die Pilsbar um, nennt sie ab sofort &#8222;Oase&#8220; und er\u00f6ffnet im September 1978. Der Tanzsaal im oberen Stock wird aufgegeben.<br \/>\n<div id='gallery-1' class='gallery galleryid-415 gallery-columns-3 gallery-size-thumbnail'><figure class='gallery-item'>\n\t\t\t<div class='gallery-icon landscape'>\n\t\t\t\t<a href='https:\/\/dorf.oberschoellenbach.de\/wp-content\/uploads\/2025\/05\/Nobby_Oase_Atmosphaere.jpg'><img loading=\"lazy\" decoding=\"async\" width=\"150\" height=\"135\" src=\"https:\/\/dorf.oberschoellenbach.de\/wp-content\/uploads\/2025\/05\/Nobby_Oase_Atmosphaere-150x135.jpg\" class=\"attachment-thumbnail size-thumbnail\" alt=\"Die Oase in Obersch\u00f6llenbach\" aria-describedby=\"gallery-1-421\" \/><\/a>\n\t\t\t<\/div>\n\t\t\t\t<figcaption class='wp-caption-text gallery-caption' id='gallery-1-421'>\n\t\t\t\tWerbeanzeige\n\t\t\t\t<\/figcaption><\/figure><figure class='gallery-item'>\n\t\t\t<div class='gallery-icon landscape'>\n\t\t\t\t<a href='https:\/\/dorf.oberschoellenbach.de\/wp-content\/uploads\/2025\/05\/Nobby_Schumm_.jpg'><img loading=\"lazy\" decoding=\"async\" width=\"148\" height=\"148\" src=\"https:\/\/dorf.oberschoellenbach.de\/wp-content\/uploads\/2025\/05\/Nobby_Schumm_.jpg\" class=\"attachment-thumbnail size-thumbnail\" alt=\"\" aria-describedby=\"gallery-1-422\" \/><\/a>\n\t\t\t<\/div>\n\t\t\t\t<figcaption class='wp-caption-text gallery-caption' id='gallery-1-422'>\n\t\t\t\tNorbert Schumm\n\t\t\t\t<\/figcaption><\/figure><figure class='gallery-item'>\n\t\t\t<div class='gallery-icon landscape'>\n\t\t\t\t<a href='https:\/\/dorf.oberschoellenbach.de\/wp-content\/uploads\/2025\/05\/Nobby_Hausplan_Quer.jpg'><img loading=\"lazy\" decoding=\"async\" width=\"150\" height=\"150\" src=\"https:\/\/dorf.oberschoellenbach.de\/wp-content\/uploads\/2025\/05\/Nobby_Hausplan_Quer-150x150.jpg\" class=\"attachment-thumbnail size-thumbnail\" alt=\"\" aria-describedby=\"gallery-1-420\" \/><\/a>\n\t\t\t<\/div>\n\t\t\t\t<figcaption class='wp-caption-text gallery-caption' id='gallery-1-420'>\n\t\t\t\tGrundriss Oase Obersch\u00f6llenbach\n\t\t\t\t<\/figcaption><\/figure>\n\t\t<\/div>\n<\/td>\n<\/tr>\n<tr>\n<td>Mai 1981<\/td>\n<td>75-Jahr-Feier der Freiwilligen Feuerwehr Obersch\u00f6llenbach.<\/td>\n<\/tr>\n<tr>\n<td>Mai 2006<\/td>\n<td>100-Jahr-Feier der Freiwilligen Feuerwehr mit ausverkauftem Konzert der phantastischen M\u00fcnchner Band &#8222;Spider Murphy Gang&#8220;.<\/p>\n<p><figure id=\"attachment_418\" aria-describedby=\"caption-attachment-418\" style=\"width: 300px\" class=\"wp-caption aligncenter\"><a href=\"https:\/\/dorf.oberschoellenbach.de\/wp-content\/uploads\/2025\/05\/2006_Feuerwehrfest-Zelt_.jpg\"><img loading=\"lazy\" decoding=\"async\" class=\"size-medium wp-image-418\" src=\"https:\/\/dorf.oberschoellenbach.de\/wp-content\/uploads\/2025\/05\/2006_Feuerwehrfest-Zelt_-300x200.jpg\" alt=\"\" width=\"300\" height=\"200\" srcset=\"https:\/\/dorf.oberschoellenbach.de\/wp-content\/uploads\/2025\/05\/2006_Feuerwehrfest-Zelt_-300x200.jpg 300w, https:\/\/dorf.oberschoellenbach.de\/wp-content\/uploads\/2025\/05\/2006_Feuerwehrfest-Zelt_.jpg 640w\" sizes=\"auto, (max-width: 300px) 100vw, 300px\" \/><\/a><figcaption id=\"caption-attachment-418\" class=\"wp-caption-text\">Das Festzelt<br \/>Foto: Feuerwehr<\/figcaption><\/figure><\/td>\n<\/tr>\n<tr>\n<td>Mai 2008<\/td>\n<td>Kuriosum: Himmelfahrt f\u00e4llt auf den 1. Mai. Unser traditionelles Kellerfest wird auf den darauffolgenden Sonntag verschoben.<\/td>\n<\/tr>\n<tr>\n<td>Mai 2009<\/td>\n<td>Dem Verein &gt;Gemischter Chor \u201eAURORA\u201c Obersch\u00f6llenbach&lt; wird Gemeinn\u00fctzigkeit zugesprochen.<\/p>\n<p><figure id=\"attachment_419\" aria-describedby=\"caption-attachment-419\" style=\"width: 300px\" class=\"wp-caption aligncenter\"><a href=\"https:\/\/dorf.oberschoellenbach.de\/wp-content\/uploads\/2025\/05\/Aurora_1997-scaled.jpg\"><img loading=\"lazy\" decoding=\"async\" class=\"size-medium wp-image-419\" src=\"https:\/\/dorf.oberschoellenbach.de\/wp-content\/uploads\/2025\/05\/Aurora_1997-300x118.jpg\" alt=\"\" width=\"300\" height=\"118\" srcset=\"https:\/\/dorf.oberschoellenbach.de\/wp-content\/uploads\/2025\/05\/Aurora_1997-300x118.jpg 300w, https:\/\/dorf.oberschoellenbach.de\/wp-content\/uploads\/2025\/05\/Aurora_1997-1024x402.jpg 1024w, https:\/\/dorf.oberschoellenbach.de\/wp-content\/uploads\/2025\/05\/Aurora_1997-768x302.jpg 768w, https:\/\/dorf.oberschoellenbach.de\/wp-content\/uploads\/2025\/05\/Aurora_1997-1536x603.jpg 1536w, https:\/\/dorf.oberschoellenbach.de\/wp-content\/uploads\/2025\/05\/Aurora_1997-2048x804.jpg 2048w\" sizes=\"auto, (max-width: 300px) 100vw, 300px\" \/><\/a><figcaption id=\"caption-attachment-419\" class=\"wp-caption-text\">Gemischter Chor &#8222;Aurora&#8220;<\/figcaption><\/figure><\/td>\n<\/tr>\n<tr>\n<td>Mai 2015<\/td>\n<td>Der Reiterhof am B\u00fchl (fr\u00fchere Hausnummer 20) stellt bei den Pferden auf Offenstall-Haltung um. Sechs Jahre sp\u00e4ter, im Mai 2021, kommen dann auch die Isl\u00e4nder- und Shetlandponys in den Genuss dieser artgerechten Haltung.<\/td>\n<\/tr>\n<tr>\n<td>Mai 2017<\/td>\n<td>Der Felsenkeller, auch <a href=\"https:\/\/dorf.oberschoellenbach.de\/index.php\/2024\/09\/03\/der-bierkeller-in-oberschoellenbach\/\">Bierkeller<\/a> genannt, wird von der Freiwilligen Feuerwehr Obersch\u00f6llenbach saniert und wieder begehbar gemacht.<\/td>\n<\/tr>\n<tr>\n<td>Mai 2018<\/td>\n<td>Erste \u00f6ffentliche, gro\u00df abgehaltene Felsenkellerf\u00fchrungen.<\/td>\n<\/tr>\n<tr>\n<td>Mai 2019<\/td>\n<td>Das Schiebetor der Fahrzeughalle wir am 9. Mai 2019 gegen ein rotes Rolltor getauscht.<\/td>\n<\/tr>\n<tr>\n<td>Mai 2020<\/td>\n<td>Endlich, endlich gibt ss auch ein Caf\u00e9 im Dorf. Der bereits 2016\/2017 grundlegend renovierte und zu einem &#8222;Reiterst\u00fcbla&#8220; umgebaute, ehemalige Schweinestall wird an zwei Tagen in der Woche zum &#8222;<a href=\"https:\/\/buehlbauer.de\/\" target=\"_blank\" rel=\"noopener\">Caf\u00e9 im Reiterst\u00fcbla<\/a>&#8220; am &#8222;B\u00fchlbauern-Hof&#8220;.<\/td>\n<\/tr>\n<tr>\n<td>Mai 2021<\/td>\n<td>COVID-Impfstoff ist noch knapp. Die Quote f\u00fcr vollst\u00e4ndig Geimpfte liegt Anfang Mai (nach 4 Mon.) gerade mal bei 8,8%. Ende Mai sind es 17,5%.<\/td>\n<\/tr>\n<tr>\n<td>Ende Mai 2021<\/td>\n<td>Nach 14\u00bd Mon. Pandemie sind weltweit 3,54 Mio. Menschenleben [335 Tode jede Stunde (!)] zu beklagen. In Europa sterben im Durchschnitt 2547, in Deutschland 201 Menschen pro Tag! Und das seit nunmehr 440 Tagen!!<\/td>\n<\/tr>\n<tr>\n<td>Mai 2025<\/td>\n<td><a href=\"https:\/\/dorf.oberschoellenbach.de\/index.php\/2025\/05\/19\/feuerwehr-beim-waldbrand-im-tennenloher-forst\/\">Waldbrand im Tennenloher Forst<\/a>. Am dritten Tag wird auch unsere Feuerwehr gerufen. Im \u00fcber elfst\u00fcndigem Einsatz sind: Andreas K., Andreas Z., Dominik, Francisco, Lukas, Miriam, Sandra, Stefan R., Tanja und Thomas S.<br \/>\nSchon morgens vor 6 Uhr bricht Markus mit Traktor und Wasserfass zur Brandstelle auf.<\/p>\n<figure id=\"attachment_423\" aria-describedby=\"caption-attachment-423\" style=\"width: 225px\" class=\"wp-caption alignright\"><a href=\"https:\/\/dorf.oberschoellenbach.de\/wp-content\/uploads\/2025\/05\/Waldbrand_1000044490.jpg\"><img loading=\"lazy\" decoding=\"async\" class=\"size-medium wp-image-423\" src=\"https:\/\/dorf.oberschoellenbach.de\/wp-content\/uploads\/2025\/05\/Waldbrand_1000044490-225x300.jpg\" alt=\"\" width=\"225\" height=\"300\" srcset=\"https:\/\/dorf.oberschoellenbach.de\/wp-content\/uploads\/2025\/05\/Waldbrand_1000044490-225x300.jpg 225w, https:\/\/dorf.oberschoellenbach.de\/wp-content\/uploads\/2025\/05\/Waldbrand_1000044490-769x1024.jpg 769w, https:\/\/dorf.oberschoellenbach.de\/wp-content\/uploads\/2025\/05\/Waldbrand_1000044490-768x1023.jpg 768w, https:\/\/dorf.oberschoellenbach.de\/wp-content\/uploads\/2025\/05\/Waldbrand_1000044490-1153x1536.jpg 1153w, https:\/\/dorf.oberschoellenbach.de\/wp-content\/uploads\/2025\/05\/Waldbrand_1000044490-1538x2048.jpg 1538w, https:\/\/dorf.oberschoellenbach.de\/wp-content\/uploads\/2025\/05\/Waldbrand_1000044490.jpg 1736w\" sizes=\"auto, (max-width: 225px) 100vw, 225px\" \/><\/a><figcaption id=\"caption-attachment-423\" class=\"wp-caption-text\">Bild: Sandra Ibl-Scheuplein<\/figcaption><\/figure>\n<p><figure id=\"attachment_424\" aria-describedby=\"caption-attachment-424\" style=\"width: 300px\" class=\"wp-caption alignright\"><a href=\"https:\/\/dorf.oberschoellenbach.de\/wp-content\/uploads\/2025\/05\/Waldbrand_1000044574.jpg\"><img loading=\"lazy\" decoding=\"async\" class=\"size-medium wp-image-424\" src=\"https:\/\/dorf.oberschoellenbach.de\/wp-content\/uploads\/2025\/05\/Waldbrand_1000044574-300x174.jpg\" alt=\"\" width=\"300\" height=\"174\" srcset=\"https:\/\/dorf.oberschoellenbach.de\/wp-content\/uploads\/2025\/05\/Waldbrand_1000044574-300x174.jpg 300w, https:\/\/dorf.oberschoellenbach.de\/wp-content\/uploads\/2025\/05\/Waldbrand_1000044574-1024x593.jpg 1024w, https:\/\/dorf.oberschoellenbach.de\/wp-content\/uploads\/2025\/05\/Waldbrand_1000044574-768x445.jpg 768w, https:\/\/dorf.oberschoellenbach.de\/wp-content\/uploads\/2025\/05\/Waldbrand_1000044574.jpg 1506w\" sizes=\"auto, (max-width: 300px) 100vw, 300px\" \/><\/a><figcaption id=\"caption-attachment-424\" class=\"wp-caption-text\">Bild: Sandra Ibl-Scheuplein<\/figcaption><\/figure><\/td>\n<\/tr>\n<\/tbody>\n<\/table>\n","protected":false},"excerpt":{"rendered":"<p>Der Mai in Obersch\u00f6llenbach im Laufe der Jahre &nbsp; Mai 1886 Im Jahresbericht des Kreis-Feuerwehr-Ausschusses f\u00fcr Mfr. wird auf Seite 52 mitgeteilt, dass &#8222;L\u00f6schmaschinen&#8220; in 43 Gemeinden ausgetauscht worden sind.&hellip;<\/p>\n<p> <a class=\"more-link\" href=\"https:\/\/dorf.oberschoellenbach.de\/index.php\/mai\/\">Weiterlesen<\/a><\/p>\n","protected":false},"author":2,"featured_media":0,"parent":0,"menu_order":0,"comment_status":"closed","ping_status":"closed","template":"","meta":{"footnotes":""},"class_list":["post-415","page","type-page","status-publish"],"jetpack_sharing_enabled":true,"_links":{"self":[{"href":"https:\/\/dorf.oberschoellenbach.de\/index.php\/wp-json\/wp\/v2\/pages\/415","targetHints":{"allow":["GET"]}}],"collection":[{"href":"https:\/\/dorf.oberschoellenbach.de\/index.php\/wp-json\/wp\/v2\/pages"}],"about":[{"href":"https:\/\/dorf.oberschoellenbach.de\/index.php\/wp-json\/wp\/v2\/types\/page"}],"author":[{"embeddable":true,"href":"https:\/\/dorf.oberschoellenbach.de\/index.php\/wp-json\/wp\/v2\/users\/2"}],"replies":[{"embeddable":true,"href":"https:\/\/dorf.oberschoellenbach.de\/index.php\/wp-json\/wp\/v2\/comments?post=415"}],"version-history":[{"count":4,"href":"https:\/\/dorf.oberschoellenbach.de\/index.php\/wp-json\/wp\/v2\/pages\/415\/revisions"}],"predecessor-version":[{"id":430,"href":"https:\/\/dorf.oberschoellenbach.de\/index.php\/wp-json\/wp\/v2\/pages\/415\/revisions\/430"}],"wp:attachment":[{"href":"https:\/\/dorf.oberschoellenbach.de\/index.php\/wp-json\/wp\/v2\/media?parent=415"}],"curies":[{"name":"wp","href":"https:\/\/api.w.org\/{rel}","templated":true}]}}