{"id":393,"date":"2025-04-20T18:47:06","date_gmt":"2025-04-20T18:47:06","guid":{"rendered":"https:\/\/dorf.oberschoellenbach.de\/?page_id=393"},"modified":"2025-05-14T21:38:52","modified_gmt":"2025-05-14T21:38:52","slug":"april-in-oberschoellenbach","status":"publish","type":"page","link":"https:\/\/dorf.oberschoellenbach.de\/index.php\/april-in-oberschoellenbach\/","title":{"rendered":"April in Obersch\u00f6llenbach"},"content":{"rendered":"<h2>Der April in Obersch\u00f6llenbach im Laufe der Jahre<\/h2>\n<table width=\"100%\">\n<tbody>\n<tr>\n<td width=\"15%\">April 1521<\/td>\n<td width=\"85%\"><a href=\"https:\/\/dorf.oberschoellenbach.de\/wp-content\/uploads\/2024\/08\/sixtus-I-oelhafen.jpg\"><img loading=\"lazy\" decoding=\"async\" class=\"wp-image-96 size-full alignleft\" src=\"https:\/\/dorf.oberschoellenbach.de\/wp-content\/uploads\/2024\/08\/sixtus-I-oelhafen.jpg\" alt=\"Sixtus I. [Sixt] Oelhafen (1466-1539) ab 1521:Sixtus Oelhafen von Sch\u00f6llenbach Quelle: Wiki - Portr\u00e4t von Hans Sch\u00e4ufelein\" width=\"99\" height=\"130\" \/><\/a>Sixt I. Oelhafen (1466-1539) nimmt am &#8222;Reichstag zu Worms&#8220; teil. Martin Luther wird zu seinen Schriften befragt und soll seine Thesen zur\u00fccknehmen. Dort hat der Obersch\u00f6llenbacher auch eine pers\u00f6nliche Begegnung mit Luther.<\/p>\n<p>Sixtus I. [Sixt] Oelhafen (1466-1539); ab 1521: Sixtus Oelhafen von Sch\u00f6llenbach<\/td>\n<\/tr>\n<tr>\n<td>April 1885:<\/td>\n<td>Bay. Central-Polizei-Blatt, Nr. 30, Gerichtliche Haftbefehle, April 1885, Seite 123: Konrad Renner, wohnhaft in Obersch\u00f6llenbach, geb. 20. Sep. 1878, lediger Tagel\u00f6hner, verurteilt wegen Betrug.<\/td>\n<\/tr>\n<tr>\n<td>Apr. 1888<\/td>\n<td>Bay. Central-Polizei-Blatt Nr. 27, Gerichtliche Haftbefehle: Dummert Friedrich, geb. 08. Okt. 1870, B\u00e4cker von Obersch\u00f6llenbach, \u2026 wegen Diebstahl. Einlieferungsort: hiesiges Landesgef\u00e4ngnis.<\/td>\n<\/tr>\n<tr>\n<td>April 1906<\/td>\n<td>\n<figure id=\"attachment_394\" aria-describedby=\"caption-attachment-394\" style=\"width: 192px\" class=\"wp-caption alignleft\"><a style=\"color: #ff1493; text-decoration-line: underline;\" href=\"https:\/\/dorf.oberschoellenbach.de\/wp-content\/uploads\/2025\/04\/2024_Protokollbuch_Seite_0.jpg\"><img loading=\"lazy\" decoding=\"async\" class=\"size-medium wp-image-394\" src=\"https:\/\/dorf.oberschoellenbach.de\/wp-content\/uploads\/2025\/04\/2024_Protokollbuch_Seite_0-192x300.jpg\" alt=\"April in Obersch\u00f6llenbach - Gr\u00fcndung der FFW\" width=\"192\" height=\"300\" srcset=\"https:\/\/dorf.oberschoellenbach.de\/wp-content\/uploads\/2025\/04\/2024_Protokollbuch_Seite_0-192x300.jpg 192w, https:\/\/dorf.oberschoellenbach.de\/wp-content\/uploads\/2025\/04\/2024_Protokollbuch_Seite_0-655x1024.jpg 655w, https:\/\/dorf.oberschoellenbach.de\/wp-content\/uploads\/2025\/04\/2024_Protokollbuch_Seite_0-768x1200.jpg 768w, https:\/\/dorf.oberschoellenbach.de\/wp-content\/uploads\/2025\/04\/2024_Protokollbuch_Seite_0-983x1536.jpg 983w, https:\/\/dorf.oberschoellenbach.de\/wp-content\/uploads\/2025\/04\/2024_Protokollbuch_Seite_0.jpg 1057w\" sizes=\"auto, (max-width: 192px) 100vw, 192px\" \/><\/a><figcaption id=\"caption-attachment-394\" class=\"wp-caption-text\">Erste Seite aus der alten Feuerwehr-Chronik<\/figcaption><\/figure>\n<p>Sonntag, 8. April 1906: Gr\u00fcndung der Freiwilligen Feuerwehr Obersch\u00f6llenbach.<\/td>\n<\/tr>\n<tr>\n<td>April 1906<\/td>\n<td>Samstag, 14. April 1906: Erste Generalversammlung der Freiwilligen Feuerwehr Obersch\u00f6llenbach.<\/td>\n<\/tr>\n<tr>\n<td>April 1908<\/td>\n<td>30. April1908: Die Bahnlinie N\u00fcrnberg Nord &#8211; Eschenau &#8211; Gr\u00e4fenberg wird eingeweiht. Daher verkehren die Lokalbahnz\u00fcge von Erlangen (&#8222;Seekuh&#8220;) jetzt nur noch bis Eschenau. Die Obersch\u00f6llenbacher steigen in Brand zu.<\/td>\n<\/tr>\n<tr>\n<td>April 1945<\/td>\n<td>\n<figure id=\"attachment_395\" aria-describedby=\"caption-attachment-395\" style=\"width: 300px\" class=\"wp-caption alignright\"><a href=\"https:\/\/dorf.oberschoellenbach.de\/wp-content\/uploads\/2025\/04\/2021_Im_Felsenkeller.jpg\"><img loading=\"lazy\" decoding=\"async\" class=\"size-medium wp-image-395\" src=\"https:\/\/dorf.oberschoellenbach.de\/wp-content\/uploads\/2025\/04\/2021_Im_Felsenkeller-300x200.jpg\" alt=\"April in Obersch\u00f6llenbach Felsenkeller\" width=\"300\" height=\"200\" srcset=\"https:\/\/dorf.oberschoellenbach.de\/wp-content\/uploads\/2025\/04\/2021_Im_Felsenkeller-300x200.jpg 300w, https:\/\/dorf.oberschoellenbach.de\/wp-content\/uploads\/2025\/04\/2021_Im_Felsenkeller-1024x683.jpg 1024w, https:\/\/dorf.oberschoellenbach.de\/wp-content\/uploads\/2025\/04\/2021_Im_Felsenkeller-768x512.jpg 768w, https:\/\/dorf.oberschoellenbach.de\/wp-content\/uploads\/2025\/04\/2021_Im_Felsenkeller.jpg 1356w\" sizes=\"auto, (max-width: 300px) 100vw, 300px\" \/><\/a><figcaption id=\"caption-attachment-395\" class=\"wp-caption-text\">Foto: Bernd Knittel<\/figcaption><\/figure>\n<p>Beim Einmarsch der Alliierten zum Kriegsende wird der Felsenkeller als Versteck gen\u00fctzt. Eine Zeitzeugin erinnert sich noch an ihren damaligen Schlafplatz beim hinteren Verbindungsgang. Schreckliche Zeiten, die man sich heute kaum mehr vorstellen kann.<\/td>\n<\/tr>\n<tr>\n<td>April 1975<\/td>\n<td>Eine Firmengr\u00fcndung, die die ganze Welt und vor allem die Arbeitswelt im Laufe der n\u00e4chsten Jahrzehnte nachhaltig ver\u00e4ndern wird. Microsoft wird am 4. April 1975 von Bill Gates und Paul Allen gegr\u00fcndet und sp\u00e4ter zum gr\u00f6\u00dften Softwarehersteller. Auch wir hier ben\u00fctzen aus dieser Gr\u00fcndung entstandene Software.<\/td>\n<\/tr>\n<tr>\n<td>April 1983<\/td>\n<td>Da es zu dieser Zeit im \u00f6rtlichen Gasthaus nur Bar-Betrieb gibt, haben wir unseren Sch\u00f6llenbacher Stammtisch au\u00dferorts. Ab April 1983 trifft man sich im Landgasthof Werner Nunh\u00f6fer (\u201eGr\u00fcner Baum\u201c) in Kalchreuth.<\/td>\n<\/tr>\n<tr>\n<td>April 1986<\/td>\n<td>Am 26. April explodiert der Reaktor-Block 4 in Tschernobyl und schleudert radioaktives Material in die Atmosph\u00e4re. Wenige Tage sp\u00e4ter kommt die radioaktive Wolke auch in unsere Gegend. Noch heute, nach \u00fcber 35 Jahren (!), m\u00fcssen geschossene Wildschweine gepr\u00fcft werden und d\u00fcrfen nicht \u00fcber 600 Bq (Becquerel) belastet sein.<\/td>\n<\/tr>\n<tr>\n<td>April 1987<\/td>\n<td>G\u00fcnther und Ingrid W\u00f6lfel \u00fcbernehmen die erste Bewirtschaftung der \u201eFW-L\u00f6schstube\u201c<\/td>\n<\/tr>\n<tr>\n<td>April 1987<\/td>\n<td>Der erste Kameradschaftsabend im neuen und jetzt auch neubestuhlten Feuerwehrhaus-Anbau wird am 10. April 1987 abgehalten. Helmut Brinke wird zum Ehren-Kommandanten ernannt.<\/td>\n<\/tr>\n<tr>\n<td>April 1996<\/td>\n<td>90-Jahr-Feier der Freiwilligen Feuerwehr im Brander Sportheim mit div. Vortr\u00e4gen und Bildenth\u00fcllung.<\/td>\n<\/tr>\n<tr>\n<td>April 2009<\/td>\n<td>Der Bundespr\u00e4sident Horst K\u00f6hler wird Pate bei Jonas, dem siebten Kind der Familie N\u00fctzel aus Obersch\u00f6llenbach.<\/td>\n<\/tr>\n<tr>\n<td>April 2021<\/td>\n<td>\n<figure id=\"attachment_396\" aria-describedby=\"caption-attachment-396\" style=\"width: 239px\" class=\"wp-caption alignright\"><a href=\"https:\/\/dorf.oberschoellenbach.de\/wp-content\/uploads\/2025\/04\/1983_Backofen.jpg\"><img loading=\"lazy\" decoding=\"async\" class=\"size-medium wp-image-396\" src=\"https:\/\/dorf.oberschoellenbach.de\/wp-content\/uploads\/2025\/04\/1983_Backofen-239x300.jpg\" alt=\"Backofenhaus\" width=\"239\" height=\"300\" srcset=\"https:\/\/dorf.oberschoellenbach.de\/wp-content\/uploads\/2025\/04\/1983_Backofen-239x300.jpg 239w, https:\/\/dorf.oberschoellenbach.de\/wp-content\/uploads\/2025\/04\/1983_Backofen-817x1024.jpg 817w, https:\/\/dorf.oberschoellenbach.de\/wp-content\/uploads\/2025\/04\/1983_Backofen-768x963.jpg 768w, https:\/\/dorf.oberschoellenbach.de\/wp-content\/uploads\/2025\/04\/1983_Backofen.jpg 1052w\" sizes=\"auto, (max-width: 239px) 100vw, 239px\" \/><\/a><figcaption id=\"caption-attachment-396\" class=\"wp-caption-text\">Backofenhaus in Obersch\u00f6llenbach<br \/>Bild aus 1983: Heinz W\u00f6lfel<\/figcaption><\/figure>\n<p>Das letzte, aktive Backofenh\u00e4uschen wird in Stand gesetzt, aufgeh\u00fcbscht und bekommt ein neues Dach. Familie N\u00fctzel macht am 1. Mai den ersten Test mit k\u00f6stlicher Pizza und nat\u00fcrlich selbst gebackenem Brot.<\/td>\n<\/tr>\n<tr>\n<td>Apr. 2020<\/td>\n<td>\n<figure id=\"attachment_397\" aria-describedby=\"caption-attachment-397\" style=\"width: 300px\" class=\"wp-caption alignright\"><a href=\"https:\/\/dorf.oberschoellenbach.de\/wp-content\/uploads\/2025\/04\/2020_Frohe_Ostern_2.jpg\"><img loading=\"lazy\" decoding=\"async\" class=\"size-medium wp-image-397\" src=\"https:\/\/dorf.oberschoellenbach.de\/wp-content\/uploads\/2025\/04\/2020_Frohe_Ostern_2-300x225.jpg\" alt=\"April in Obersch\u00f6llenbach\" width=\"300\" height=\"225\" srcset=\"https:\/\/dorf.oberschoellenbach.de\/wp-content\/uploads\/2025\/04\/2020_Frohe_Ostern_2-300x225.jpg 300w, https:\/\/dorf.oberschoellenbach.de\/wp-content\/uploads\/2025\/04\/2020_Frohe_Ostern_2-1024x768.jpg 1024w, https:\/\/dorf.oberschoellenbach.de\/wp-content\/uploads\/2025\/04\/2020_Frohe_Ostern_2-768x576.jpg 768w, https:\/\/dorf.oberschoellenbach.de\/wp-content\/uploads\/2025\/04\/2020_Frohe_Ostern_2-1536x1152.jpg 1536w, https:\/\/dorf.oberschoellenbach.de\/wp-content\/uploads\/2025\/04\/2020_Frohe_Ostern_2.jpg 1594w\" sizes=\"auto, (max-width: 300px) 100vw, 300px\" \/><\/a><figcaption id=\"caption-attachment-397\" class=\"wp-caption-text\">Foto: Heinz W\u00f6lfel<\/figcaption><\/figure>\n<p>Die ab 22. M\u00e4rz verh\u00e4ngten, umfassenden &#8222;Beschr\u00e4nkungen sozialer Kontakte&#8220; in Bund und L\u00e4ndern halten auch im April an. So schreibt unser Egon zu Ostern den, aus heutiger Sicht doch seltsam anmutenden, Text auf die Begr\u00fc\u00dfungs-Schilder.<\/td>\n<\/tr>\n<tr>\n<td>Apr. 2024<\/td>\n<td>Eine neue Internet-Seite \u00fcber Obersch\u00f6llenbach, betreut von Volker Hofmann, geht online: https:\/\/dorf.oberschoellenbach.de\/<\/td>\n<\/tr>\n<\/tbody>\n<\/table>\n","protected":false},"excerpt":{"rendered":"<p>Der April in Obersch\u00f6llenbach im Laufe der Jahre April 1521 Sixt I. Oelhafen (1466-1539) nimmt am &#8222;Reichstag zu Worms&#8220; teil. Martin Luther wird zu seinen Schriften befragt und soll seine&hellip;<\/p>\n<p> <a class=\"more-link\" href=\"https:\/\/dorf.oberschoellenbach.de\/index.php\/april-in-oberschoellenbach\/\">Weiterlesen<\/a><\/p>\n","protected":false},"author":2,"featured_media":0,"parent":0,"menu_order":0,"comment_status":"closed","ping_status":"closed","template":"","meta":{"footnotes":""},"class_list":["post-393","page","type-page","status-publish"],"jetpack_sharing_enabled":true,"_links":{"self":[{"href":"https:\/\/dorf.oberschoellenbach.de\/index.php\/wp-json\/wp\/v2\/pages\/393","targetHints":{"allow":["GET"]}}],"collection":[{"href":"https:\/\/dorf.oberschoellenbach.de\/index.php\/wp-json\/wp\/v2\/pages"}],"about":[{"href":"https:\/\/dorf.oberschoellenbach.de\/index.php\/wp-json\/wp\/v2\/types\/page"}],"author":[{"embeddable":true,"href":"https:\/\/dorf.oberschoellenbach.de\/index.php\/wp-json\/wp\/v2\/users\/2"}],"replies":[{"embeddable":true,"href":"https:\/\/dorf.oberschoellenbach.de\/index.php\/wp-json\/wp\/v2\/comments?post=393"}],"version-history":[{"count":3,"href":"https:\/\/dorf.oberschoellenbach.de\/index.php\/wp-json\/wp\/v2\/pages\/393\/revisions"}],"predecessor-version":[{"id":400,"href":"https:\/\/dorf.oberschoellenbach.de\/index.php\/wp-json\/wp\/v2\/pages\/393\/revisions\/400"}],"wp:attachment":[{"href":"https:\/\/dorf.oberschoellenbach.de\/index.php\/wp-json\/wp\/v2\/media?parent=393"}],"curies":[{"name":"wp","href":"https:\/\/api.w.org\/{rel}","templated":true}]}}