{"id":364,"date":"2025-03-29T18:02:53","date_gmt":"2025-03-29T18:02:53","guid":{"rendered":"https:\/\/dorf.oberschoellenbach.de\/?page_id=364"},"modified":"2025-04-01T16:34:10","modified_gmt":"2025-04-01T16:34:10","slug":"maerz-in-oberschoellenbach","status":"publish","type":"page","link":"https:\/\/dorf.oberschoellenbach.de\/index.php\/maerz-in-oberschoellenbach\/","title":{"rendered":"M\u00e4rz in Obersch\u00f6llenbach"},"content":{"rendered":"<h1>Der M\u00e4rz im Laufe der Jahre<\/h1>\n<table width=\"100%\">\n<tbody>\n<tr>\n<td width=\"15%\">M\u00e4rz 1656<\/td>\n<td width=\"85%\">Der Bauer Georg Beck vom &#8222;Brechersliedel&#8220;-Hof (alte Haus-Nr. 8, sp\u00e4ter Familie Kohlmann, jetzt Familie Fensel) erleidet tragischen Unfall. In der Chronik hei\u00dft es kurz und lapidar: &#8222;vom Bretten gefallen, tot&#8220;.<\/td>\n<\/tr>\n<tr>\n<td>M\u00e4rz 1911<\/td>\n<td>&#8222;Bezirks-Vertreter F\u00f6rster forderte s\u00e4mtliche Kommandanten auf, am n\u00e4chsten Sonntag, den 12. M\u00e4rz zur Feier des 90-sten Geburtstages Seiner k\u00f6niglichen Hoheit des Prinzregenten Luitpold von Bayern, mit Ihren Wehren geschlossen in die Kirche zu gehen.&#8220;<\/td>\n<\/tr>\n<tr>\n<td>30. M\u00e4rz 1944<\/td>\n<td>Schrecklicher Fliegerangriff in unserem Nachbarort in Brand. Ein Wohnhaus und sieben Scheunen stehen durch Brandbomben gleichzeitig in Flammen.<\/td>\n<\/tr>\n<tr>\n<td>10. M\u00e4rz 1979<\/td>\n<td>Festkommers zur \u201e700 Jahre Feier\u201c Unter- und Obersch\u00f6llenbach in der Schulturnhalle in Brand.<\/td>\n<\/tr>\n<tr>\n<td>21. M\u00e4rz 1981<\/td>\n<td>Festkommers zum &#8222;75-j\u00e4hrigen Gr\u00fcndungsfest&#8220; der Feuerwehr Obersch\u00f6llenbach im Sportheim in Brand.<\/td>\n<\/tr>\n<tr>\n<td>18. M\u00e4rz 2006<\/td>\n<td>Kommersabend zur &#8222;100-Jahr-Feier&#8220; Feuerwehr Obersch\u00f6llenbach in der Schulsporthalle der Grundschule Brand.<\/td>\n<\/tr>\n<tr>\n<td>4. M\u00e4rz 2016<\/td>\n<td>Alina, das 1000-ste (in Worten: das tausendste) Baby seit Einf\u00fchrung des Eckentaler Willkommensgru\u00dfes 2007 erblickt das Licht der Welt. Die Obersch\u00f6llenbacher Eltern sind Juliane und Dominik Schleifer.<\/td>\n<\/tr>\n<tr>\n<td>M\u00e4rz 2020<\/td>\n<td>Athanasios Tsakiris (Tannas) kauft den Landgasthof &#8222;Weisser L\u00f6we&#8220; in Eschenau. Ab Oktober \u00fcbernimmt seine Frau Eleftheria vom altersbedingt ausscheiden P\u00e4chter und f\u00fchrt jetzt das Griechische Lokal mit Hochzeits- und Event-Scheune sowie das dazugeh\u00f6rige Hotel.<\/td>\n<\/tr>\n<tr>\n<td>M\u00e4rz 2020<\/td>\n<td>Mit Gerd Fensel, dem Enkel von Andreas &#8222;Rees&#8220; Fensel, zieht f\u00fcr die Freien W\u00e4hler wieder ein Obersch\u00f6llenbacher Mitb\u00fcrger in den Markt-Gemeinderat ein.<\/td>\n<\/tr>\n<tr>\n<td>27.03.2023<\/td>\n<td>Unser Freund und Feuerwehr-Kamerad Georg Fensel stirbt nach einem Bullenangriff. Ohne Grund st\u00f6\u00dft der bislang als zahm bekannte Bulle mit seinem Kopf gegen den Oberk\u00f6rper des 68-J\u00e4hrigen.<\/td>\n<\/tr>\n<tr>\n<td>M\u00e4rz 2025<\/td>\n<td>Der gemischte Chor AURORA ehrt den &#8222;dienst\u00e4ltesten&#8220;, seit 40 Jahre aktiven S\u00e4nger Herbert Bernet.<\/p>\n<p><figure id=\"attachment_366\" aria-describedby=\"caption-attachment-366\" style=\"width: 150px\" class=\"wp-caption aligncenter\"><a href=\"https:\/\/dorf.oberschoellenbach.de\/wp-content\/uploads\/2025\/03\/Herbert_40_undKonny_groesser.jpg\"><img loading=\"lazy\" decoding=\"async\" class=\"wp-image-366 size-thumbnail\" src=\"https:\/\/dorf.oberschoellenbach.de\/wp-content\/uploads\/2025\/03\/Herbert_40_undKonny_groesser-150x150.jpg\" alt=\"M\u00e4rz in Obersch\u00f6llenbach - Herbert Bernet 40 Jahre Aurora\" width=\"150\" height=\"150\" \/><\/a><figcaption id=\"caption-attachment-366\" class=\"wp-caption-text\">Herbert Bernet 40 Jahre Aurora<\/figcaption><\/figure><\/td>\n<\/tr>\n<\/tbody>\n<\/table>\n","protected":false},"excerpt":{"rendered":"<p>Der M\u00e4rz im Laufe der Jahre M\u00e4rz 1656 Der Bauer Georg Beck vom &#8222;Brechersliedel&#8220;-Hof (alte Haus-Nr. 8, sp\u00e4ter Familie Kohlmann, jetzt Familie Fensel) erleidet tragischen Unfall. In der Chronik hei\u00dft&hellip;<\/p>\n<p> <a class=\"more-link\" href=\"https:\/\/dorf.oberschoellenbach.de\/index.php\/maerz-in-oberschoellenbach\/\">Weiterlesen<\/a><\/p>\n","protected":false},"author":1,"featured_media":0,"parent":0,"menu_order":0,"comment_status":"closed","ping_status":"closed","template":"","meta":{"footnotes":""},"class_list":["post-364","page","type-page","status-publish"],"jetpack_sharing_enabled":true,"_links":{"self":[{"href":"https:\/\/dorf.oberschoellenbach.de\/index.php\/wp-json\/wp\/v2\/pages\/364","targetHints":{"allow":["GET"]}}],"collection":[{"href":"https:\/\/dorf.oberschoellenbach.de\/index.php\/wp-json\/wp\/v2\/pages"}],"about":[{"href":"https:\/\/dorf.oberschoellenbach.de\/index.php\/wp-json\/wp\/v2\/types\/page"}],"author":[{"embeddable":true,"href":"https:\/\/dorf.oberschoellenbach.de\/index.php\/wp-json\/wp\/v2\/users\/1"}],"replies":[{"embeddable":true,"href":"https:\/\/dorf.oberschoellenbach.de\/index.php\/wp-json\/wp\/v2\/comments?post=364"}],"version-history":[{"count":4,"href":"https:\/\/dorf.oberschoellenbach.de\/index.php\/wp-json\/wp\/v2\/pages\/364\/revisions"}],"predecessor-version":[{"id":371,"href":"https:\/\/dorf.oberschoellenbach.de\/index.php\/wp-json\/wp\/v2\/pages\/364\/revisions\/371"}],"wp:attachment":[{"href":"https:\/\/dorf.oberschoellenbach.de\/index.php\/wp-json\/wp\/v2\/media?parent=364"}],"curies":[{"name":"wp","href":"https:\/\/api.w.org\/{rel}","templated":true}]}}