{"id":343,"date":"2025-02-13T18:29:44","date_gmt":"2025-02-13T18:29:44","guid":{"rendered":"https:\/\/dorf.oberschoellenbach.de\/?page_id=343"},"modified":"2025-02-13T18:32:09","modified_gmt":"2025-02-13T18:32:09","slug":"februar-in-oberschoellenbach","status":"publish","type":"page","link":"https:\/\/dorf.oberschoellenbach.de\/index.php\/februar-in-oberschoellenbach\/","title":{"rendered":"Februar in Obersch\u00f6llenbach"},"content":{"rendered":"<h1>Der Februar im Laufe der Jahre<\/h1>\n<table width=\"100%\">\n<tbody>\n<tr>\n<td width=\"15%\">Feb. 1925<\/td>\n<td width=\"85%\">Der ehrenamtliche Waagmeister Konrad Wendler erwirbt &#8222;unser&#8220; Gasthaus (alte Haus-Nr. 3). Der Schriftzug &#8222;Gastst\u00e4tte Konrad Wendler&#8220; wird 1929 angebracht.<\/td>\n<\/tr>\n<tr>\n<td colspan=\"2\"><a href=\"https:\/\/dorf.oberschoellenbach.de\/wp-content\/uploads\/2025\/02\/Februar_in_Oberschoellenbach_Wendler.jpg\"><img loading=\"lazy\" decoding=\"async\" class=\"aligncenter wp-image-344 size-large\" src=\"https:\/\/dorf.oberschoellenbach.de\/wp-content\/uploads\/2025\/02\/Februar_in_Oberschoellenbach_Wendler-1024x635.jpg\" alt=\"Februar in Obersch\u00f6llenbach - Gasthaus Wendler\" width=\"800\" height=\"496\" srcset=\"https:\/\/dorf.oberschoellenbach.de\/wp-content\/uploads\/2025\/02\/Februar_in_Oberschoellenbach_Wendler-1024x635.jpg 1024w, https:\/\/dorf.oberschoellenbach.de\/wp-content\/uploads\/2025\/02\/Februar_in_Oberschoellenbach_Wendler-300x186.jpg 300w, https:\/\/dorf.oberschoellenbach.de\/wp-content\/uploads\/2025\/02\/Februar_in_Oberschoellenbach_Wendler-768x476.jpg 768w, https:\/\/dorf.oberschoellenbach.de\/wp-content\/uploads\/2025\/02\/Februar_in_Oberschoellenbach_Wendler-1536x952.jpg 1536w, https:\/\/dorf.oberschoellenbach.de\/wp-content\/uploads\/2025\/02\/Februar_in_Oberschoellenbach_Wendler-2048x1270.jpg 2048w\" sizes=\"auto, (max-width: 800px) 100vw, 800px\" \/><\/a><\/td>\n<\/tr>\n<tr>\n<td>Feb. 1927<\/td>\n<td>Nach den ersten Chorleitern des M\u00e4nner-Gesangverein &#8222;Aurora&#8220;, Lehrer Vogel und Konrad Redwig, nimmt sich ab 18. Febr. 1927 &#8222;Herr Hauptlehrer Mechs des Vereins an&#8220;.<\/td>\n<\/tr>\n<tr>\n<td>Feb. 1949<\/td>\n<td>In Deutschland beginnt das Zeitalter des Ultrakurzwellen-Radios. Durch kriegsbedingte Verluste von Mittelwellen-Frequenzen geht am 28. Feb. in Freimann der erste, auch bei uns empfangbare UKW-Sender auf Sendung.<\/td>\n<\/tr>\n<tr>\n<td>Feb. 1970<\/td>\n<td>Das Gasthaus (alte Haus-Nr. 3) mit Tanzsaal und &#8222;Bongo-Bar&#8220; geht in Besitz der Malzfabrik Bergler aus Frauenaurach \u00fcber.<\/td>\n<\/tr>\n<tr>\n<td colspan=\"2\"><a href=\"https:\/\/dorf.oberschoellenbach.de\/wp-content\/uploads\/2025\/02\/1970_Wirtsgarten-scaled.jpg\"><img loading=\"lazy\" decoding=\"async\" class=\"aligncenter size-large wp-image-346\" src=\"https:\/\/dorf.oberschoellenbach.de\/wp-content\/uploads\/2025\/02\/1970_Wirtsgarten-1024x473.jpg\" alt=\"Februar in Obersch\u00f6llenbach im Wirtsgarten\" width=\"800\" height=\"370\" srcset=\"https:\/\/dorf.oberschoellenbach.de\/wp-content\/uploads\/2025\/02\/1970_Wirtsgarten-1024x473.jpg 1024w, https:\/\/dorf.oberschoellenbach.de\/wp-content\/uploads\/2025\/02\/1970_Wirtsgarten-300x139.jpg 300w, https:\/\/dorf.oberschoellenbach.de\/wp-content\/uploads\/2025\/02\/1970_Wirtsgarten-768x355.jpg 768w, https:\/\/dorf.oberschoellenbach.de\/wp-content\/uploads\/2025\/02\/1970_Wirtsgarten-1536x710.jpg 1536w, https:\/\/dorf.oberschoellenbach.de\/wp-content\/uploads\/2025\/02\/1970_Wirtsgarten-2048x946.jpg 2048w\" sizes=\"auto, (max-width: 800px) 100vw, 800px\" \/><\/a><\/td>\n<\/tr>\n<tr>\n<td>Feb. 1963<\/td>\n<td>Die Mitglieder der freiwilligen Feuerwehr genehmigen am 10. Feb. 1963 die neue Satzung.<\/td>\n<\/tr>\n<tr>\n<td>Feb. 1987<\/td>\n<td>Erste Nutzung des noch nicht ganz fertiggestellten Feuerwehr-Anbaues: Andreas &#8222;&#8220;Rees&#8220;&#8220; Fensel feiert am 11. Februar seinen 60-ten Geburtstag.<\/p>\n<p><figure id=\"attachment_347\" aria-describedby=\"caption-attachment-347\" style=\"width: 208px\" class=\"wp-caption alignleft\"><a href=\"https:\/\/dorf.oberschoellenbach.de\/wp-content\/uploads\/2025\/02\/Rees.jpg\"><img loading=\"lazy\" decoding=\"async\" class=\"size-medium wp-image-347\" src=\"https:\/\/dorf.oberschoellenbach.de\/wp-content\/uploads\/2025\/02\/Rees-208x300.jpg\" alt=\"Andreas &quot;Rees&quot; Fensel\" width=\"208\" height=\"300\" srcset=\"https:\/\/dorf.oberschoellenbach.de\/wp-content\/uploads\/2025\/02\/Rees-208x300.jpg 208w, https:\/\/dorf.oberschoellenbach.de\/wp-content\/uploads\/2025\/02\/Rees.jpg 523w\" sizes=\"auto, (max-width: 208px) 100vw, 208px\" \/><\/a><figcaption id=\"caption-attachment-347\" class=\"wp-caption-text\">Andreas &#8222;Rees&#8220; Fensel<\/figcaption><\/figure><\/td>\n<\/tr>\n<tr>\n<td>Feb. 1990<\/td>\n<td>Am 15.02.1990 wird der (M\u00e4nner-)Gesangverein &#8222;Aurora&#8220; als vierstimmiger, gemischter Chor &#8222;AURORA&#8220; als Ergebnis einer Wette zwischen Andreas Fensel und Volker Hofmann wiederbelebt.<br \/>\nHintergrund dieser \u201eWette\u201c: Bei der letztj\u00e4hrigen Weihnachtsfeier rang \u201eRees\u201c dem Musiker Volker die Zusage ab, dass \u2013 vorausgesetzt, Rees treibt bis Fasching mindestens 30 S\u00e4ngerinnen und S\u00e4nger f\u00fcr einen Chor auf \u2013 Volker Hofmann diesen Chor leiten w\u00fcrde.<br \/>\nNotiz am Rande: Beim MGV wurde &gt;Aurora&lt; klein geschrieben, beim gemischten Chor &#8222;AURORA&#8220; gro\u00df}!<\/td>\n<\/tr>\n<tr>\n<td>Feb. 2010<\/td>\n<td>Der Gemischter Chor \u201eAURORA\u201c Obersch\u00f6llenbach feiert sein 20-j\u00e4hriges Jubil\u00e4um.<\/td>\n<\/tr>\n<tr>\n<td colspan=\"2\"><a href=\"https:\/\/dorf.oberschoellenbach.de\/wp-content\/uploads\/2025\/02\/Aurora-Bild-Auschnitt.jpg\"><img loading=\"lazy\" decoding=\"async\" class=\"aligncenter size-large wp-image-348\" src=\"https:\/\/dorf.oberschoellenbach.de\/wp-content\/uploads\/2025\/02\/Aurora-Bild-Auschnitt-1024x382.jpg\" alt=\"Jubil\u00e4um Gesangsverein Aurora - Februar in Obersch\u00f6llenbach\" width=\"800\" height=\"298\" srcset=\"https:\/\/dorf.oberschoellenbach.de\/wp-content\/uploads\/2025\/02\/Aurora-Bild-Auschnitt-1024x382.jpg 1024w, https:\/\/dorf.oberschoellenbach.de\/wp-content\/uploads\/2025\/02\/Aurora-Bild-Auschnitt-300x112.jpg 300w, https:\/\/dorf.oberschoellenbach.de\/wp-content\/uploads\/2025\/02\/Aurora-Bild-Auschnitt-768x287.jpg 768w, https:\/\/dorf.oberschoellenbach.de\/wp-content\/uploads\/2025\/02\/Aurora-Bild-Auschnitt.jpg 1393w\" sizes=\"auto, (max-width: 800px) 100vw, 800px\" \/><\/a><\/td>\n<\/tr>\n<\/tbody>\n<\/table>\n","protected":false},"excerpt":{"rendered":"<p>Der Februar im Laufe der Jahre Feb. 1925 Der ehrenamtliche Waagmeister Konrad Wendler erwirbt &#8222;unser&#8220; Gasthaus (alte Haus-Nr. 3). Der Schriftzug &#8222;Gastst\u00e4tte Konrad Wendler&#8220; wird 1929 angebracht. Feb. 1927 Nach&hellip;<\/p>\n<p> <a class=\"more-link\" href=\"https:\/\/dorf.oberschoellenbach.de\/index.php\/februar-in-oberschoellenbach\/\">Weiterlesen<\/a><\/p>\n","protected":false},"author":1,"featured_media":0,"parent":0,"menu_order":0,"comment_status":"closed","ping_status":"closed","template":"","meta":{"footnotes":""},"class_list":["post-343","page","type-page","status-publish"],"jetpack_sharing_enabled":true,"_links":{"self":[{"href":"https:\/\/dorf.oberschoellenbach.de\/index.php\/wp-json\/wp\/v2\/pages\/343","targetHints":{"allow":["GET"]}}],"collection":[{"href":"https:\/\/dorf.oberschoellenbach.de\/index.php\/wp-json\/wp\/v2\/pages"}],"about":[{"href":"https:\/\/dorf.oberschoellenbach.de\/index.php\/wp-json\/wp\/v2\/types\/page"}],"author":[{"embeddable":true,"href":"https:\/\/dorf.oberschoellenbach.de\/index.php\/wp-json\/wp\/v2\/users\/1"}],"replies":[{"embeddable":true,"href":"https:\/\/dorf.oberschoellenbach.de\/index.php\/wp-json\/wp\/v2\/comments?post=343"}],"version-history":[{"count":3,"href":"https:\/\/dorf.oberschoellenbach.de\/index.php\/wp-json\/wp\/v2\/pages\/343\/revisions"}],"predecessor-version":[{"id":351,"href":"https:\/\/dorf.oberschoellenbach.de\/index.php\/wp-json\/wp\/v2\/pages\/343\/revisions\/351"}],"wp:attachment":[{"href":"https:\/\/dorf.oberschoellenbach.de\/index.php\/wp-json\/wp\/v2\/media?parent=343"}],"curies":[{"name":"wp","href":"https:\/\/api.w.org\/{rel}","templated":true}]}}