{"id":330,"date":"2025-01-11T18:52:35","date_gmt":"2025-01-11T18:52:35","guid":{"rendered":"https:\/\/dorf.oberschoellenbach.de\/?page_id=330"},"modified":"2025-01-11T18:58:58","modified_gmt":"2025-01-11T18:58:58","slug":"januar-in-oberschoellenbach","status":"publish","type":"page","link":"https:\/\/dorf.oberschoellenbach.de\/index.php\/januar-in-oberschoellenbach\/","title":{"rendered":"Januar in Obersch\u00f6llenbach"},"content":{"rendered":"<h2>Der Januar im Laufe der Jahre<\/h2>\n<p>&nbsp;<\/p>\n<table width=\"100%\">\n<tbody>\n<tr>\n<td width=\"15%\">Jan. 1279:<\/td>\n<td width=\"85%\">K\u00f6nig Rudolf von Habsburg verpf\u00e4ndet mit Urkunde vom Jan. 1279 die beiden D\u00f6rfer Ober- und Untersch\u00f6llenbach mit Neunhof, G\u00fcnthersb\u00fchl, Tauchersreuth und der Gaberm\u00fchle an den Reichsfreiherrn Ulrich von Schl\u00fcsselberg.<\/td>\n<\/tr>\n<tr>\n<td>Jan. 1516:<\/td>\n<td>Sixt I. von Oelhafen (1466-1539) erwirbt in Obersch\u00f6llenbach ein weiteres Gut von Sebastian von Hetzelsdorf. Dieses wird sp\u00e4ter abgebrochen, um den Platz f\u00fcr das &#8222;untere&#8220; Schloss zu vergr\u00f6\u00dfern.<\/td>\n<\/tr>\n<tr>\n<td><\/td>\n<td>\n<figure id=\"attachment_336\" aria-describedby=\"caption-attachment-336\" style=\"width: 157px\" class=\"wp-caption alignleft\"><a href=\"https:\/\/dorf.oberschoellenbach.de\/wp-content\/uploads\/2025\/01\/Sixt-I.-von-Oelhafen-1466-1539-Bild1.jpg\"><img loading=\"lazy\" decoding=\"async\" class=\"wp-image-336 size-full\" src=\"https:\/\/dorf.oberschoellenbach.de\/wp-content\/uploads\/2025\/01\/Sixt-I.-von-Oelhafen-1466-1539-Bild1.jpg\" alt=\"ab 1521:Sixtus Oelhafen von Sch\u00f6llenbach\" width=\"157\" height=\"244\" \/><\/a><figcaption id=\"caption-attachment-336\" class=\"wp-caption-text\">ab 1521: Sixtus Oelhafen von Sch\u00f6llenbach<\/figcaption><\/figure>\n<p><figure id=\"attachment_337\" aria-describedby=\"caption-attachment-337\" style=\"width: 180px\" class=\"wp-caption alignleft\"><a href=\"https:\/\/dorf.oberschoellenbach.de\/wp-content\/uploads\/2025\/01\/Sixt-I.-von-Oelhafen-1466-1539-Bild2.jpg\"><img loading=\"lazy\" decoding=\"async\" class=\"wp-image-337 size-full\" src=\"https:\/\/dorf.oberschoellenbach.de\/wp-content\/uploads\/2025\/01\/Sixt-I.-von-Oelhafen-1466-1539-Bild2.jpg\" alt=\"Sixtus I. von Oelhafen\" width=\"180\" height=\"240\" \/><\/a><figcaption id=\"caption-attachment-337\" class=\"wp-caption-text\">Sixtus I. [Sixt] Oelhafen (1466-1539)<\/figcaption><\/figure><\/td>\n<\/tr>\n<tr>\n<td><\/td>\n<td>Der Advokat Erhart reicht Namens und im Auftrag der Stadtgemeinde Gr\u00e4fenberg und im Namen vieler Landgemeinden, darunter auch Osb. und Usb., ein Gesuch &#8222;um die F\u00fchrung einer Eisenbahn von N\u00fcrnberg nach Gr\u00e4fenberg&#8220; ein. [Anm.: Einweihung der Bahnlinie ist 1908, also nach 30 Jahren,]<\/td>\n<\/tr>\n<tr>\n<td>Jan. 1893:<\/td>\n<td>Bekanntmachung \u00fcber einen Ausbruch der Maul- und Klauenseuche: Das k\u00f6nigliche Bezirksamt Erlangen verh\u00e4ngt zum 31. Jan. 1893 eine Geh\u00f6ft-Sperre f\u00fcr die alte Haus-Nr. 5 von Konrad Bezold.<\/td>\n<\/tr>\n<tr>\n<td>Jan. 1894:<\/td>\n<td>Zeitungsbericht vom 18. Januar: Infolge einer Wette i\u00dft Samstag Nachts (15. Jan. 1894) im Wirtshaus in Obersch\u00f6llenbach ein Knecht vom Ritters-Anwesen (alte Haus-Nr. 7) in einer \u00bc Stunde einen Meter Knackwurst nebst einem Kipf.<\/td>\n<\/tr>\n<tr>\n<td>Jan. 1900:<\/td>\n<td>Beim Gesangverein &#8222;Aurora&#8220; geht nach Konrad Wendler und Heinrich Bub bei der Wahl am 16. Jan. Andreas Fensel (Schmied aus Kalchreuth \/ Opa vom &#8222;Rees&#8220;) als 1. Vorstand hervor und begleitet diesen Posten 32 Jahre lang.<\/td>\n<\/tr>\n<tr>\n<td><\/td>\n<td>\n<p><figure id=\"attachment_335\" aria-describedby=\"caption-attachment-335\" style=\"width: 211px\" class=\"wp-caption aligncenter\"><a href=\"https:\/\/dorf.oberschoellenbach.de\/wp-content\/uploads\/2025\/01\/Fensel_Andeas_Ehrenvorstand_1935.jpg\"><img loading=\"lazy\" decoding=\"async\" class=\"size-medium wp-image-335\" src=\"https:\/\/dorf.oberschoellenbach.de\/wp-content\/uploads\/2025\/01\/Fensel_Andeas_Ehrenvorstand_1935-211x300.jpg\" alt=\"Fensel_Andeas\" width=\"211\" height=\"300\" srcset=\"https:\/\/dorf.oberschoellenbach.de\/wp-content\/uploads\/2025\/01\/Fensel_Andeas_Ehrenvorstand_1935-211x300.jpg 211w, https:\/\/dorf.oberschoellenbach.de\/wp-content\/uploads\/2025\/01\/Fensel_Andeas_Ehrenvorstand_1935-719x1024.jpg 719w, https:\/\/dorf.oberschoellenbach.de\/wp-content\/uploads\/2025\/01\/Fensel_Andeas_Ehrenvorstand_1935-768x1093.jpg 768w, https:\/\/dorf.oberschoellenbach.de\/wp-content\/uploads\/2025\/01\/Fensel_Andeas_Ehrenvorstand_1935.jpg 970w\" sizes=\"auto, (max-width: 211px) 100vw, 211px\" \/><\/a><figcaption id=\"caption-attachment-335\" class=\"wp-caption-text\">Andeas Fensel (1870-1936),<br \/>Aurora Bild aus 1935<\/figcaption><\/figure><\/td>\n<\/tr>\n<tr>\n<td>Jan. 1907:<\/td>\n<td>Bereits neun Monate nach Gr\u00fcndung der Freiwilligen Feuerwehr Obs. finden die ersten Neu-Wahlen statt.<\/td>\n<\/tr>\n<tr>\n<td>Jan. 1971:<\/td>\n<td>Horst Seitz, der \u00f6rtliche Haus- und Hof-Schlosser, verstirbt am 28. Jan. mit 34 Jahren. Die Schlosserei (bei der alten Haus-Nr. 1) wird noch f\u00fcr einige Jahre verpachtet und sp\u00e4ter geschlossen.<\/td>\n<\/tr>\n<tr>\n<td>Neujahr 2000:<\/td>\n<td>Die bef\u00fcrchteten &#8222;Y2K-Bug&#8217;s&#8220; beim Millenniumwechsel sind nicht eingetreten. Einige Feuerwehrm\u00e4nner bestellen wegen des Alkoholverbotes vor Mitternacht um 0.00 Uhr eilig zwei &#8222;Seidla&#8220; gleichzeitig. Die Silvesterfeier geht jetzt los und dauert lange.<\/td>\n<\/tr>\n<tr>\n<td>Jan. 2004:<\/td>\n<td>Triantafillos Dimitrakopoulos (&#8222;Dimi&#8220;) ersteigert &#8222;unser&#8220;Gasthaus, baut sehr vieles um, renoviert das Geb\u00e4ude nahezu vollst\u00e4ndig und er\u00f6ffnet im Sep. 2004 als &#8222;Restaurant Akropolis bei Dimi&#8220;.<\/td>\n<\/tr>\n<tr>\n<td><\/td>\n<td>\n<p><figure id=\"attachment_334\" aria-describedby=\"caption-attachment-334\" style=\"width: 141px\" class=\"wp-caption aligncenter\"><a href=\"https:\/\/dorf.oberschoellenbach.de\/wp-content\/uploads\/2025\/01\/Dimi_Foto_Ausschnitt.png\"><img loading=\"lazy\" decoding=\"async\" class=\"size-full wp-image-334\" src=\"https:\/\/dorf.oberschoellenbach.de\/wp-content\/uploads\/2025\/01\/Dimi_Foto_Ausschnitt.png\" alt=\"Triantafilos Dimitrakopoulos (Dimi), Gastwrit ab Januar in Obersch\u00f6llenbach\" width=\"141\" height=\"140\" \/><\/a><figcaption id=\"caption-attachment-334\" class=\"wp-caption-text\">Triantafilos Dimitrakopoulos (Dimi),<br \/>Foto: Bericht von Johanna T\u00fcrk<\/figcaption><\/figure><\/td>\n<\/tr>\n<tr>\n<td>Jan. 2016:<\/td>\n<td>Nun gibt&#8217;s auch einen Radiosender in Obersch\u00f6llenbach. GGRN sendet \u00fcblicherweise einmal die Woche am Abend. Zu empfangen im Netz unter &#8222;https:\/\/ggrn.de&#8220;.<\/td>\n<\/tr>\n<tr>\n<td>Jan. 2020:<\/td>\n<td>Geburtsstunde einer weiteren &#8222;Institution&#8220; bei der Freiwilligen Feuerwehr. Die Kinderfeuerwehr wird ins Leben gerufen.<\/td>\n<\/tr>\n<\/tbody>\n<\/table>\n","protected":false},"excerpt":{"rendered":"<p>Der Januar im Laufe der Jahre &nbsp; Jan. 1279: K\u00f6nig Rudolf von Habsburg verpf\u00e4ndet mit Urkunde vom Jan. 1279 die beiden D\u00f6rfer Ober- und Untersch\u00f6llenbach mit Neunhof, G\u00fcnthersb\u00fchl, Tauchersreuth und&hellip;<\/p>\n<p> <a class=\"more-link\" href=\"https:\/\/dorf.oberschoellenbach.de\/index.php\/januar-in-oberschoellenbach\/\">Weiterlesen<\/a><\/p>\n","protected":false},"author":3,"featured_media":0,"parent":0,"menu_order":0,"comment_status":"closed","ping_status":"closed","template":"","meta":{"footnotes":""},"class_list":["post-330","page","type-page","status-publish"],"jetpack_sharing_enabled":true,"_links":{"self":[{"href":"https:\/\/dorf.oberschoellenbach.de\/index.php\/wp-json\/wp\/v2\/pages\/330","targetHints":{"allow":["GET"]}}],"collection":[{"href":"https:\/\/dorf.oberschoellenbach.de\/index.php\/wp-json\/wp\/v2\/pages"}],"about":[{"href":"https:\/\/dorf.oberschoellenbach.de\/index.php\/wp-json\/wp\/v2\/types\/page"}],"author":[{"embeddable":true,"href":"https:\/\/dorf.oberschoellenbach.de\/index.php\/wp-json\/wp\/v2\/users\/3"}],"replies":[{"embeddable":true,"href":"https:\/\/dorf.oberschoellenbach.de\/index.php\/wp-json\/wp\/v2\/comments?post=330"}],"version-history":[{"count":5,"href":"https:\/\/dorf.oberschoellenbach.de\/index.php\/wp-json\/wp\/v2\/pages\/330\/revisions"}],"predecessor-version":[{"id":340,"href":"https:\/\/dorf.oberschoellenbach.de\/index.php\/wp-json\/wp\/v2\/pages\/330\/revisions\/340"}],"wp:attachment":[{"href":"https:\/\/dorf.oberschoellenbach.de\/index.php\/wp-json\/wp\/v2\/media?parent=330"}],"curies":[{"name":"wp","href":"https:\/\/api.w.org\/{rel}","templated":true}]}}