{"id":243,"date":"2024-10-01T15:08:32","date_gmt":"2024-10-01T15:08:32","guid":{"rendered":"https:\/\/dorf.oberschoellenbach.de\/?page_id=243"},"modified":"2024-12-26T12:15:11","modified_gmt":"2024-12-26T12:15:11","slug":"dezember-in-oberschoellenbach","status":"publish","type":"page","link":"https:\/\/dorf.oberschoellenbach.de\/index.php\/dezember-in-oberschoellenbach\/","title":{"rendered":"Dezember in Obersch\u00f6llenbach"},"content":{"rendered":"<h2>Der Dezember im Laufe der Jahre<\/h2>\n<p>&nbsp;<\/p>\n<table width=\"100%\">\n<tbody>\n<tr>\n<td width=\"15%\">Dez. 1712:<\/td>\n<td width=\"85%\">Von Anfang an missf\u00e4llt der Patrizierfamilie Oelhafen das hohe (vom Forstamt &#8222;Sebalder Wald&#8220; genehmigte) Giebeldach \u00fcber dem Felsenkeller.<br \/>\nChristoph Elias Oelhafen von Sch\u00f6llenbach (1675-1736) rei\u00dft daher am 7. Dez. in einer Nacht- und Nebelaktion das Dach kurzerhand selbst ab. Dies f\u00fchrte am markgr\u00e4flichen Gericht in Baiersdorf zu einer Verurteilung auf Schadenersatz.<\/td>\n<\/tr>\n<tr>\n<td>Dez. 1858:<\/td>\n<td>Nach einer rund 600-j\u00e4hrigen Zugeh\u00f6rigkeit zur Pfarrei Beerbach (\u00fcber eine Stunde Fu\u00dfmarsch) erfolgt am 21. Dez. die Umpfarrung des Ortes nach Eschenau. Unsere 6. und 7. Kl\u00e4ssler d\u00fcrfen jetzt nach Brand in die Schule und m\u00fcssen nicht mehr nach Beerbach.<\/td>\n<\/tr>\n<tr>\n<td>Dez. 1897:<\/td>\n<td>Gr\u00fcndung des (M\u00e4nner-)Gesangvereins MGV &#8222;Aurora&#8220; am 16. Dez. 1897.\u00a0 {Beim MGV wird &gt;Aurora&lt; klein geschrieben, beim sp\u00e4teren gemischten Chor gro\u00df}<\/td>\n<\/tr>\n<tr>\n<td>Dez. 1956:<\/td>\n<td>Die Obersch\u00f6llenbacher Familie Helga und Robert Deuerlein stellen sich den ersten Fernseher in ihre Wohnstube, ein Ger\u00e4t von Loewe-Opta (Kronach). Jedoch an ZDF (1963) und Farbe (1967) sowie BR3 (1973) oder Privatfernsehen (1984) war zu dieser Zeit nicht zu denken.<\/td>\n<\/tr>\n<tr>\n<td>Dez. 1963:<\/td>\n<td>1961 f\u00e4hrt die letzte Bahn zwischen Eschenau und Neunkirchen. Ende 1963 wird auch die Reststecke der fr\u00e4nkischen Lokalbahn &#8222;Seekuh&#8220; nach Erlangen aufgegeben.<br \/>\nViele B\u00fcrger bezeichnen dies als Torheit und mangelnde Weitsicht der Verantwortlichen bei Bahn und Politik.<\/p>\n<p><figure id=\"attachment_303\" aria-describedby=\"caption-attachment-303\" style=\"width: 300px\" class=\"wp-caption aligncenter\"><a href=\"https:\/\/dorf.oberschoellenbach.de\/wp-content\/uploads\/2024\/12\/Seekuh-im-Bahnhof-Eschenau.png\"><img loading=\"lazy\" decoding=\"async\" class=\"wp-image-303 size-medium\" src=\"https:\/\/dorf.oberschoellenbach.de\/wp-content\/uploads\/2024\/12\/Seekuh-im-Bahnhof-Eschenau-300x160.png\" alt=\"Dezember in Obersch\u00f6llenbach - Die SeKu\" width=\"300\" height=\"160\" srcset=\"https:\/\/dorf.oberschoellenbach.de\/wp-content\/uploads\/2024\/12\/Seekuh-im-Bahnhof-Eschenau-300x160.png 300w, https:\/\/dorf.oberschoellenbach.de\/wp-content\/uploads\/2024\/12\/Seekuh-im-Bahnhof-Eschenau-1024x547.png 1024w, https:\/\/dorf.oberschoellenbach.de\/wp-content\/uploads\/2024\/12\/Seekuh-im-Bahnhof-Eschenau-768x411.png 768w, https:\/\/dorf.oberschoellenbach.de\/wp-content\/uploads\/2024\/12\/Seekuh-im-Bahnhof-Eschenau-1536x821.png 1536w, https:\/\/dorf.oberschoellenbach.de\/wp-content\/uploads\/2024\/12\/Seekuh-im-Bahnhof-Eschenau.png 1983w\" sizes=\"auto, (max-width: 300px) 100vw, 300px\" \/><\/a><figcaption id=\"caption-attachment-303\" class=\"wp-caption-text\">Die &#8222;Seekuh&#8220; im Bahnhof Eschenau &#8211; Bild: Wochenblatt Redaktion<\/figcaption><\/figure><\/td>\n<\/tr>\n<tr>\n<td>Dez. 1963:<\/td>\n<td>Eine moderne Motorspritze\u00a0 (Type: TSA) wird an die Freiwillige Feuerwehr ausgeliefert.<\/td>\n<\/tr>\n<tr>\n<td>Dez. 1968:<\/td>\n<td>Der B\u00e4ckermeister Konrad W\u00f6lfel verstirbt am 27. Dez. mit 45 Jahren. Die seit Okt. 1949 bestehende Dorf-B\u00e4ckerei (H-Nr. 38) mit Laden und Lieferservice nach R\u00f6ckenhof, Untersch\u00f6llenbach, Brand und Eschenau wird geschlossen.<\/td>\n<\/tr>\n<tr>\n<td>Dez. 1975:<\/td>\n<td>Betr\u00e4chtliche Beitragserh\u00f6hung bei der Freiwilligen Feuerwehr auf 250% ab 1976:\u00a0 von 4,&#8211; DM auf 10,&#8211; DM.<\/td>\n<\/tr>\n<tr>\n<td>Dez. 1991:<\/td>\n<td>Erster \u00f6ffentlicher \u201eAURORA\u201c-Auftritt des wiederbelebten Chores bei der Dorfweihnacht. Schon eine Woche sp\u00e4ter folgt ein weiterer Auftritt bei der Feuerwehr-Weihnachtsfeier.<\/td>\n<\/tr>\n<tr>\n<td>Dez. 2001:<\/td>\n<td>Am Feuerwehrhaus-Stammtisch sorgen sich einige (weit \u00fcber 60-j\u00e4hrige) Anwesende, wie wohl die &#8222;alten Leute&#8220; mit der neuen W\u00e4hrung ab Januar 2002 zurecht kommen.<\/td>\n<\/tr>\n<tr>\n<td>Dez. 2004:<\/td>\n<td>Erste Apres-Ski-Party der Feuerwehr am Festplatz gleich hinterm Feuerwehrhaus.<\/td>\n<\/tr>\n<tr>\n<td>Dez. 2007:<\/td>\n<td>\n<figure id=\"attachment_302\" aria-describedby=\"caption-attachment-302\" style=\"width: 300px\" class=\"wp-caption aligncenter\"><a href=\"https:\/\/dorf.oberschoellenbach.de\/wp-content\/uploads\/2024\/12\/Rebekka-Volland-_-Christkindl-Nuernberg-2007.jpg\"><img loading=\"lazy\" decoding=\"async\" class=\"wp-image-302 size-medium\" src=\"https:\/\/dorf.oberschoellenbach.de\/wp-content\/uploads\/2024\/12\/Rebekka-Volland-_-Christkindl-Nuernberg-2007-300x164.jpg\" alt=\"Dezember in Obersch\u00f6llenbach - Das N\u00fcrnberger Christkind\" width=\"300\" height=\"164\" srcset=\"https:\/\/dorf.oberschoellenbach.de\/wp-content\/uploads\/2024\/12\/Rebekka-Volland-_-Christkindl-Nuernberg-2007-300x164.jpg 300w, https:\/\/dorf.oberschoellenbach.de\/wp-content\/uploads\/2024\/12\/Rebekka-Volland-_-Christkindl-Nuernberg-2007-1024x558.jpg 1024w, https:\/\/dorf.oberschoellenbach.de\/wp-content\/uploads\/2024\/12\/Rebekka-Volland-_-Christkindl-Nuernberg-2007-768x419.jpg 768w, https:\/\/dorf.oberschoellenbach.de\/wp-content\/uploads\/2024\/12\/Rebekka-Volland-_-Christkindl-Nuernberg-2007.jpg 1328w\" sizes=\"auto, (max-width: 300px) 100vw, 300px\" \/><\/a><figcaption id=\"caption-attachment-302\" class=\"wp-caption-text\">Das N\u00fcrnberger Christkind<\/figcaption><\/figure>\n<p>Das \u201eechte\u201c N\u00fcrnberger Christkind, eingeladen vom Gesangverein AURORA ist am 21. Dez. 2007 bei uns in Obersch\u00f6llenbach zu Gast. (Bild aus dpa-Meldung: Rebekka Volland, Christkindl N\u00fcrnberg 2007)<\/td>\n<\/tr>\n<tr>\n<td>Dez. 2020:<\/td>\n<td>Zweiter Lockdown: &#8222;Harter Lockdown&#8220; ab dem 16. Dez. mit deutschlandweiten Beschr\u00e4nkungen. Ausgestorbene Stra\u00dfen in Obersch\u00f6llenbach.<\/td>\n<\/tr>\n<tr>\n<td>\n<table>\n<tbody>\n<tr>\n<td>Dez. 2021:<\/td>\n<\/tr>\n<\/tbody>\n<\/table>\n<\/td>\n<td>\n<figure id=\"attachment_300\" aria-describedby=\"caption-attachment-300\" style=\"width: 300px\" class=\"wp-caption aligncenter\"><a href=\"https:\/\/dorf.oberschoellenbach.de\/wp-content\/uploads\/2024\/12\/FW_Dez_2021_DSC06506-scaled.jpg\"><img loading=\"lazy\" decoding=\"async\" class=\"wp-image-300 size-medium\" src=\"https:\/\/dorf.oberschoellenbach.de\/wp-content\/uploads\/2024\/12\/FW_Dez_2021_DSC06506-300x200.jpg\" alt=\"Dezember in Obersch\u00f6llenbach\" width=\"300\" height=\"200\" srcset=\"https:\/\/dorf.oberschoellenbach.de\/wp-content\/uploads\/2024\/12\/FW_Dez_2021_DSC06506-300x200.jpg 300w, https:\/\/dorf.oberschoellenbach.de\/wp-content\/uploads\/2024\/12\/FW_Dez_2021_DSC06506-1024x683.jpg 1024w, https:\/\/dorf.oberschoellenbach.de\/wp-content\/uploads\/2024\/12\/FW_Dez_2021_DSC06506-768x512.jpg 768w, https:\/\/dorf.oberschoellenbach.de\/wp-content\/uploads\/2024\/12\/FW_Dez_2021_DSC06506-1536x1024.jpg 1536w, https:\/\/dorf.oberschoellenbach.de\/wp-content\/uploads\/2024\/12\/FW_Dez_2021_DSC06506-2048x1366.jpg 2048w\" sizes=\"auto, (max-width: 300px) 100vw, 300px\" \/><\/a><figcaption id=\"caption-attachment-300\" class=\"wp-caption-text\">Weihnachten im Lockdown<\/figcaption><\/figure>\n<figure id=\"attachment_301\" aria-describedby=\"caption-attachment-301\" style=\"width: 300px\" class=\"wp-caption aligncenter\"><a href=\"https:\/\/dorf.oberschoellenbach.de\/wp-content\/uploads\/2024\/12\/FW_Dez_2021_DSC06508-scaled.jpg\"><img loading=\"lazy\" decoding=\"async\" class=\"wp-image-301 size-medium\" src=\"https:\/\/dorf.oberschoellenbach.de\/wp-content\/uploads\/2024\/12\/FW_Dez_2021_DSC06508-300x200.jpg\" alt=\"Unser &quot;Weihnachtstruck&quot;\" width=\"300\" height=\"200\" srcset=\"https:\/\/dorf.oberschoellenbach.de\/wp-content\/uploads\/2024\/12\/FW_Dez_2021_DSC06508-300x200.jpg 300w, https:\/\/dorf.oberschoellenbach.de\/wp-content\/uploads\/2024\/12\/FW_Dez_2021_DSC06508-1024x683.jpg 1024w, https:\/\/dorf.oberschoellenbach.de\/wp-content\/uploads\/2024\/12\/FW_Dez_2021_DSC06508-768x512.jpg 768w, https:\/\/dorf.oberschoellenbach.de\/wp-content\/uploads\/2024\/12\/FW_Dez_2021_DSC06508-1536x1024.jpg 1536w, https:\/\/dorf.oberschoellenbach.de\/wp-content\/uploads\/2024\/12\/FW_Dez_2021_DSC06508-2048x1365.jpg 2048w\" sizes=\"auto, (max-width: 300px) 100vw, 300px\" \/><\/a><figcaption id=\"caption-attachment-301\" class=\"wp-caption-text\">Der Weihnachtstruck von Obersch\u00f6llenbach &#8211; Bilder: Feuerwehr Obersch\u00f6llenbach<\/figcaption><\/figure>\n<p>Auch 2021 m\u00fcssen Dorfweihnacht und Weihnachtsfeier abgesagt werden. Ersatzweise f\u00e4hrt die Freiwillige Feuerwehr an 18. Dez. mit einem Tankl\u00f6schfahrzeug weihnachtlich beleuchtet durch den Ort und spielt Christmas-Songs ab.<br \/>\nDas Eckentaler Christkind ist mit dem Nikolaus dabei und verteilt P\u00e4ckchen an die Kinder.<\/td>\n<\/tr>\n<tr>\n<td>Dez. 2022:<\/td>\n<td>Die vom Gesangsverein &#8222;Aurora&#8220; 1991 eingef\u00fchrte Dorfweihnacht (&#8222;Singen unterm Baum&#8220;) zieht am 9. Dez. vom der Dorfmitte zum Festplatz um. Die stimmungsvolle Gemeinschafts-Veranstaltung (Aurora und FFW) bietet nun mehr Platz f\u00fcr Buden, B\u00fchne, S\u00e4nger, Posaunenchor und den Besuchern.<\/td>\n<\/tr>\n<\/tbody>\n<\/table>\n","protected":false},"excerpt":{"rendered":"<p>Der Dezember im Laufe der Jahre &nbsp; Dez. 1712: Von Anfang an missf\u00e4llt der Patrizierfamilie Oelhafen das hohe (vom Forstamt &#8222;Sebalder Wald&#8220; genehmigte) Giebeldach \u00fcber dem Felsenkeller. Christoph Elias Oelhafen&hellip;<\/p>\n<p> <a class=\"more-link\" href=\"https:\/\/dorf.oberschoellenbach.de\/index.php\/dezember-in-oberschoellenbach\/\">Weiterlesen<\/a><\/p>\n","protected":false},"author":1,"featured_media":0,"parent":0,"menu_order":0,"comment_status":"closed","ping_status":"closed","template":"","meta":{"footnotes":""},"class_list":["post-243","page","type-page","status-publish"],"jetpack_sharing_enabled":true,"_links":{"self":[{"href":"https:\/\/dorf.oberschoellenbach.de\/index.php\/wp-json\/wp\/v2\/pages\/243","targetHints":{"allow":["GET"]}}],"collection":[{"href":"https:\/\/dorf.oberschoellenbach.de\/index.php\/wp-json\/wp\/v2\/pages"}],"about":[{"href":"https:\/\/dorf.oberschoellenbach.de\/index.php\/wp-json\/wp\/v2\/types\/page"}],"author":[{"embeddable":true,"href":"https:\/\/dorf.oberschoellenbach.de\/index.php\/wp-json\/wp\/v2\/users\/1"}],"replies":[{"embeddable":true,"href":"https:\/\/dorf.oberschoellenbach.de\/index.php\/wp-json\/wp\/v2\/comments?post=243"}],"version-history":[{"count":6,"href":"https:\/\/dorf.oberschoellenbach.de\/index.php\/wp-json\/wp\/v2\/pages\/243\/revisions"}],"predecessor-version":[{"id":325,"href":"https:\/\/dorf.oberschoellenbach.de\/index.php\/wp-json\/wp\/v2\/pages\/243\/revisions\/325"}],"wp:attachment":[{"href":"https:\/\/dorf.oberschoellenbach.de\/index.php\/wp-json\/wp\/v2\/media?parent=243"}],"curies":[{"name":"wp","href":"https:\/\/api.w.org\/{rel}","templated":true}]}}