{"id":232,"date":"2024-10-01T14:35:45","date_gmt":"2024-10-01T14:35:45","guid":{"rendered":"https:\/\/dorf.oberschoellenbach.de\/?page_id=232"},"modified":"2024-11-12T17:45:12","modified_gmt":"2024-11-12T17:45:12","slug":"oktober-in-oberschoellenbach","status":"publish","type":"page","link":"https:\/\/dorf.oberschoellenbach.de\/index.php\/oktober-in-oberschoellenbach\/","title":{"rendered":"Oktober in Obersch\u00f6llenbach"},"content":{"rendered":"<h1>Der Oktober in Obersch\u00f6llenbach im Laufe der Jahre<\/h1>\n<table width=\"100%\">\n<tbody>\n<tr>\n<td width=\"15%\">Okt. 1913:<\/td>\n<td width=\"85%\">Bildenth\u00fcllung bei der Freiwilligen Feuerwehr vor \u00fcber 110 Jahren \u2013 &gt;Gott zur Ehr, dem N\u00e4chsten zur Wehr&lt;.<\/td>\n<\/tr>\n<tr>\n<td>Okt. 1949:<\/td>\n<td>Die seit Oktober 1949 bestehende Dorf-B\u00e4ckerei (H-Nr. 38) mit Laden und Lieferservice in die umliegenden Orte wird 1966 geschlossen. Der B\u00e4ckermeister Konrad W\u00f6lfel verstirbt mit 45 Jahren.<\/td>\n<\/tr>\n<tr>\n<td>Okt. 1971:<\/td>\n<td>Im Zuge der Gebietsreform in Bayern wird Obersch\u00f6llenbach am 1. Oktober 1971 in die Gemeinde Markt Eschenau eingegliedert und zusammen mit dieser im Juli 1972 ein Bestandteil der neu gebildeten Gemeinde Markt Eckental.<\/td>\n<\/tr>\n<tr>\n<td>Okt. 1971:<\/td>\n<td>Der im Oktober 1971 begonnene Bau des Abwassersystems wird bis Ende 1972 nach und nach fertiggestellt.<\/td>\n<\/tr>\n<tr>\n<td>Okt. 1981:<\/td>\n<td>Die Pilsbar &#8222;Oase&#8220; wird am 1.Oktober 1981 unter neuer Leitung mit Ute und Angelika wieder er\u00f6ffnet. In guter Atmosph\u00e4re trinkt man ein gepflegtes Pils, trifft Bekannte und kn\u00fcpft Bekanntschaften.<\/p>\n<p><figure id=\"attachment_254\" aria-describedby=\"caption-attachment-254\" style=\"width: 300px\" class=\"wp-caption aligncenter\"><a href=\"https:\/\/dorf.oberschoellenbach.de\/wp-content\/uploads\/2024\/11\/1981_10_Oase_Wiedereroeffnung_2.jpg\"><img loading=\"lazy\" decoding=\"async\" class=\"wp-image-254 size-medium\" src=\"https:\/\/dorf.oberschoellenbach.de\/wp-content\/uploads\/2024\/11\/1981_10_Oase_Wiedereroeffnung_2-300x145.jpg\" alt=\"Wiederer\u00f6ffnung der Oase im Oktober 1981\" width=\"300\" height=\"145\" srcset=\"https:\/\/dorf.oberschoellenbach.de\/wp-content\/uploads\/2024\/11\/1981_10_Oase_Wiedereroeffnung_2-300x145.jpg 300w, https:\/\/dorf.oberschoellenbach.de\/wp-content\/uploads\/2024\/11\/1981_10_Oase_Wiedereroeffnung_2-1024x497.jpg 1024w, https:\/\/dorf.oberschoellenbach.de\/wp-content\/uploads\/2024\/11\/1981_10_Oase_Wiedereroeffnung_2-768x372.jpg 768w, https:\/\/dorf.oberschoellenbach.de\/wp-content\/uploads\/2024\/11\/1981_10_Oase_Wiedereroeffnung_2-1536x745.jpg 1536w, https:\/\/dorf.oberschoellenbach.de\/wp-content\/uploads\/2024\/11\/1981_10_Oase_Wiedereroeffnung_2.jpg 2048w\" sizes=\"auto, (max-width: 300px) 100vw, 300px\" \/><\/a><figcaption id=\"caption-attachment-254\" class=\"wp-caption-text\">Wiederer\u00f6ffnung der Oase im Oktober 1981<\/figcaption><\/figure><\/td>\n<\/tr>\n<tr>\n<td>Okt. 1986:<\/td>\n<td>Am 4. Oktober 1986 findet das Richtfest am Ger\u00e4tehausanbau der Feuerwehr statt.<\/td>\n<\/tr>\n<tr>\n<td>Okt. 1999:<\/td>\n<td>Der gr\u00f6\u00dfere von zwei Lebensmittel-L\u00e4den, betrieben von K\u00e4te Sperber und Moni Meister (H-Nr. 34), wird aus gesundheitlichen Gr\u00fcnden geschlossen. Der vom Opa Christoph B\u00fcrgel er\u00f6ffnete, in dritter Generation gef\u00fchrte Laden mit Verkauf von Zeitungen und Zeitschriften, war auch immer ein d\u00f6rflicher Treffpunkt.<\/td>\n<\/tr>\n<tr>\n<td>Okt. 2011:<\/td>\n<td>Der gemischte Chor AURORA nimmt am 22. Oktober 2011 an der 150-Jahr-Feier des MGV \u201eLiederkranz\u201c Brand teil.<\/td>\n<\/tr>\n<tr>\n<td>Okt. 2012:<\/td>\n<td>G\u00fcnter Fensel, Ilse D\u00f6lle und Harry W\u00f6rner verlassen im Markt-Gemeinderat die Fraktion der Freien W\u00e4hler und werden fraktionslos.<\/td>\n<\/tr>\n<tr>\n<td>Okt. 2015:<\/td>\n<td>Vom 2. bis 4. Oktober 2015 &#8211; Passend zum Tag der Deutschen Einheit und zum 25-j\u00e4hrigen Jubil\u00e4um der Wiedervereinigung besucht die FFW Obersch\u00f6llenbach ihre Partnerwehr in Friedebach. Es ist dies das erste Zusammentreffen unserer B\u00fcrgermeisterin und des B\u00fcrgermeisters von Sayda, Herrn Volker Kr\u00f6nert.<\/td>\n<\/tr>\n<tr>\n<td>Okt. 2017:<\/td>\n<td>Der Chor AURORA erh\u00e4lt neue Auftrittskleidung.<\/p>\n<p><figure id=\"attachment_256\" aria-describedby=\"caption-attachment-256\" style=\"width: 300px\" class=\"wp-caption aligncenter\"><a href=\"https:\/\/dorf.oberschoellenbach.de\/wp-content\/uploads\/2024\/11\/AURORA_neue_Kleidung-scaled.jpg\"><img loading=\"lazy\" decoding=\"async\" class=\"size-medium wp-image-256\" src=\"https:\/\/dorf.oberschoellenbach.de\/wp-content\/uploads\/2024\/11\/AURORA_neue_Kleidung-300x159.jpg\" alt=\"Gemischter Chor AURORA\" width=\"300\" height=\"159\" srcset=\"https:\/\/dorf.oberschoellenbach.de\/wp-content\/uploads\/2024\/11\/AURORA_neue_Kleidung-300x159.jpg 300w, https:\/\/dorf.oberschoellenbach.de\/wp-content\/uploads\/2024\/11\/AURORA_neue_Kleidung-1024x542.jpg 1024w, https:\/\/dorf.oberschoellenbach.de\/wp-content\/uploads\/2024\/11\/AURORA_neue_Kleidung-768x406.jpg 768w, https:\/\/dorf.oberschoellenbach.de\/wp-content\/uploads\/2024\/11\/AURORA_neue_Kleidung-1536x813.jpg 1536w, https:\/\/dorf.oberschoellenbach.de\/wp-content\/uploads\/2024\/11\/AURORA_neue_Kleidung-2048x1084.jpg 2048w\" sizes=\"auto, (max-width: 300px) 100vw, 300px\" \/><\/a><figcaption id=\"caption-attachment-256\" class=\"wp-caption-text\">Gemischter Chor AURORA<\/figcaption><\/figure><\/td>\n<\/tr>\n<tr>\n<td>Okt. 2020:<\/td>\n<td>Ilias Tsounis vom Erlanger Restaurant Ilias &#8211; neben der Altst\u00e4dter Kirche &#8211; kauft das Gasthaus in der Obersch\u00f6llenbacher Hauptstr. 13, kann dieses jedoch wegen der Corona-Pandemie nicht sofort er\u00f6ffnen.<\/td>\n<\/tr>\n<tr>\n<td>Okt. 2021:<\/td>\n<td>Breits im M\u00e4rz 2020 kauft Athanasios Tsakiris (Tannas) den Landgasthof &#8222;Weisser L\u00f6we&#8220; in Eschenau. Ab Oktober \u00fcbernimmt seine Frau Eleftheria vom altersbedingt ausscheidenden P\u00e4chter und f\u00fchrt jetzt das griechische Lokal.<\/td>\n<\/tr>\n<\/tbody>\n<\/table>\n","protected":false},"excerpt":{"rendered":"<p>Der Oktober in Obersch\u00f6llenbach im Laufe der Jahre Okt. 1913: Bildenth\u00fcllung bei der Freiwilligen Feuerwehr vor \u00fcber 110 Jahren \u2013 &gt;Gott zur Ehr, dem N\u00e4chsten zur Wehr&lt;. Okt. 1949: Die&hellip;<\/p>\n<p> <a class=\"more-link\" href=\"https:\/\/dorf.oberschoellenbach.de\/index.php\/oktober-in-oberschoellenbach\/\">Weiterlesen<\/a><\/p>\n","protected":false},"author":1,"featured_media":0,"parent":0,"menu_order":0,"comment_status":"closed","ping_status":"closed","template":"","meta":{"footnotes":""},"class_list":["post-232","page","type-page","status-publish"],"jetpack_sharing_enabled":true,"_links":{"self":[{"href":"https:\/\/dorf.oberschoellenbach.de\/index.php\/wp-json\/wp\/v2\/pages\/232","targetHints":{"allow":["GET"]}}],"collection":[{"href":"https:\/\/dorf.oberschoellenbach.de\/index.php\/wp-json\/wp\/v2\/pages"}],"about":[{"href":"https:\/\/dorf.oberschoellenbach.de\/index.php\/wp-json\/wp\/v2\/types\/page"}],"author":[{"embeddable":true,"href":"https:\/\/dorf.oberschoellenbach.de\/index.php\/wp-json\/wp\/v2\/users\/1"}],"replies":[{"embeddable":true,"href":"https:\/\/dorf.oberschoellenbach.de\/index.php\/wp-json\/wp\/v2\/comments?post=232"}],"version-history":[{"count":4,"href":"https:\/\/dorf.oberschoellenbach.de\/index.php\/wp-json\/wp\/v2\/pages\/232\/revisions"}],"predecessor-version":[{"id":237,"href":"https:\/\/dorf.oberschoellenbach.de\/index.php\/wp-json\/wp\/v2\/pages\/232\/revisions\/237"}],"wp:attachment":[{"href":"https:\/\/dorf.oberschoellenbach.de\/index.php\/wp-json\/wp\/v2\/media?parent=232"}],"curies":[{"name":"wp","href":"https:\/\/api.w.org\/{rel}","templated":true}]}}