{"id":2,"date":"2024-04-26T08:13:53","date_gmt":"2024-04-26T08:13:53","guid":{"rendered":"https:\/\/dorf.oberschoellenbach.de\/?page_id=2"},"modified":"2024-07-28T10:27:13","modified_gmt":"2024-07-28T10:27:13","slug":"oberschoellenbach","status":"publish","type":"page","link":"https:\/\/dorf.oberschoellenbach.de\/index.php\/oberschoellenbach\/","title":{"rendered":"Obersch\u00f6llenbach"},"content":{"rendered":"<h4>Willkommen im Zentrum des bekannten Universums &#8211; Obersch\u00f6llenbach!<\/h4>\r\n<figure id=\"attachment_80\" aria-describedby=\"caption-attachment-80\" style=\"width: 300px\" class=\"wp-caption alignright\"><a href=\"https:\/\/dorf.oberschoellenbach.de\/wp-content\/uploads\/2024\/07\/oberschoellenbach_von_ost_nach_west.jpg\"><img loading=\"lazy\" decoding=\"async\" class=\"wp-image-80 size-medium\" src=\"https:\/\/dorf.oberschoellenbach.de\/wp-content\/uploads\/2024\/07\/oberschoellenbach_von_ost_nach_west-300x169.jpg\" alt=\"Obersch\u00f6llenbach - Luftbild\" width=\"300\" height=\"169\" srcset=\"https:\/\/dorf.oberschoellenbach.de\/wp-content\/uploads\/2024\/07\/oberschoellenbach_von_ost_nach_west-300x169.jpg 300w, https:\/\/dorf.oberschoellenbach.de\/wp-content\/uploads\/2024\/07\/oberschoellenbach_von_ost_nach_west-1024x576.jpg 1024w, https:\/\/dorf.oberschoellenbach.de\/wp-content\/uploads\/2024\/07\/oberschoellenbach_von_ost_nach_west-768x432.jpg 768w, https:\/\/dorf.oberschoellenbach.de\/wp-content\/uploads\/2024\/07\/oberschoellenbach_von_ost_nach_west-1536x864.jpg 1536w, https:\/\/dorf.oberschoellenbach.de\/wp-content\/uploads\/2024\/07\/oberschoellenbach_von_ost_nach_west.jpg 1920w\" sizes=\"auto, (max-width: 300px) 100vw, 300px\" \/><\/a><figcaption id=\"caption-attachment-80\" class=\"wp-caption-text\">Obersch\u00f6llenbach von Ost nach West<\/figcaption><\/figure>\r\n<p>Zwar liegt<\/p>\r\n<ul>\r\n<li>Obersch\u00f6llenbach am westlichen Rand von Eckental,<\/li>\r\n<li>Eckental am \u00f6stlichen Rand von Erlangen-H\u00f6chstadt,<\/li>\r\n<li>letzteres am n\u00f6rdlichen Rand von Mittelfranken,<\/li>\r\n<li>dieses eher im n\u00f6rdlichen Bayern,<\/li>\r\n<li>welches wiederum am s\u00fcdlichen Rand von Deutschland verortet ist.<\/li>\r\n<li>Aber wenigstens findet man die BRD inmitten Europas &#8211;<\/li>\r\n<\/ul>\r\n<p>und schon sind wir (fast) im Zentrum des bekannten &#8230; na gut, einen Versuch war es wert!<\/p>\r\n<p>Dennoch, Obersch\u00f6llenbach ist das Zentrum von immerhin rund 900 Menschen, die sich hier \u00fcberwiegend mit Fug und Recht wohlf\u00fchlen! Wenn Sie nun fragen, was an unserem kleinen Dorf so besonders ist, dann fallen mir spontan einige Argumente ein:<\/p>\r\n<ol>\r\n<li style=\"list-style-type: none;\">\r\n<ol>\r\n<li>zun\u00e4chst geht es schon wieder um ein Zentrum: von Obersch\u00f6llenbach gelangt man nach rund 15 km\r\n<ul>\r\n<li>in s\u00fcdlicher Richtung in die Innenstadt von N\u00fcrnberg,<\/li>\r\n<li>in Richtung West in die Mitte von Erlangen und\u00a0<\/li>\r\n<li>in allen nord\u00f6stlichen Richtungen in die Fr\u00e4nkische Schweiz;<\/li>\r\n<\/ul>\r\n<\/li>\r\n<li>dar\u00fcber hinaus ist der Albrecht-D\u00fcrer Flughafen N\u00fcrnberg ebenfalls nur rund 15 km entfernt;<\/li>\r\n<li>in Obersch\u00f6llenbach gibt es\r\n<ul>\r\n<li>das hervorragende griechische &#8222;<a href=\"https:\/\/www.iliastsounis.de\/\" target=\"_blank\" rel=\"noopener\">Restaurant Ilias<\/a>&#8222;, in dem sich\u00a0 mehrere einheimische Gruppen regelm\u00e4\u00dfig treffen, sowie<\/li>\r\n<li>das &#8222;<a href=\"https:\/\/buehlbauer.de\" target=\"_blank\" rel=\"noopener\">Caf\u00e9 und Brotzeit im Reiterst\u00fcbla<\/a>&#8222;, dem eigentlichen Dorftreff. Dort gibt es eine feste Schafkopfrunde, einen Damenstammtisch, das Reiterst\u00fcbla ist Proberaum einer Akkordeongruppe, Treffpunkt der Jagdp\u00e4chter, und so weiter. Dabei verw\u00f6hnen Karin und Anton Pech Ihre G\u00e4ste nachmittags mit selbstgebackenem Kuchen und abends mit phantastischen kleinen Gerichten und Brotzeiten;<\/li>\r\n<\/ul>\r\n<\/li>\r\n<li>das Dorfleben funktioniert hier noch wunderbar: mehrmals in der Woche wird durch den Wald gewalkt, ab und zu radelt man gemeinsam durch die Gegend, mittwochs ist im Feuerwehrhaus eine Gymnastikgruppe f\u00fcr Damen offen f\u00fcr Interessentinnen, montags probt ebenfalls dort der gemischte Chor Aurora &#8230;<\/li>\r\n<li>j\u00e4hrlich werden Kirchweih, Sonnenwende und Weihnachten gefeiert und dar\u00fcber hinaus gibt es ein \u00f6ffentliches Schafkopfrennen und am 1. Mai ein Kellerfest;<\/li>\r\n<li>die Mitglieder der <a href=\"https:\/\/oberschoellenbach.de\/\" target=\"_blank\" rel=\"noopener\">Freiwilligen Feuerwehr<\/a> organisieren viele der gemeinsamen Veranstaltungen und auch der <a href=\"https:\/\/www.eckental-mfr.de\/verein\/de\/markt\/-\/586\/vereine_details\" target=\"_blank\" rel=\"noopener\">Gemischte Chor Aurora<\/a> tr\u00e4gt zum Dorfleben bei.<\/li>\r\n<li>Au\u00dferdem &#8211; und das ist vielleicht das wichtigste Argument &#8211; leben hier zum allergr\u00f6\u00dften Teil Menschen, mit denen man gerne zusammenkommt!<\/li>\r\n<\/ol>\r\n<\/li>\r\n<\/ol>\r\n<p>Soviel erst einmal zu der Frage, wie man sich in einem so kleinen Dorf auch nach vielen Jahrzehnten noch so wohlf\u00fchlen kann!<\/p>\r\n<ol><\/ol><!-- \/wp:post-content -->","protected":false},"excerpt":{"rendered":"<p>Willkommen im Zentrum des bekannten Universums &#8211; Obersch\u00f6llenbach! Zwar liegt Obersch\u00f6llenbach am westlichen Rand von Eckental, Eckental am \u00f6stlichen Rand von Erlangen-H\u00f6chstadt, letzteres am n\u00f6rdlichen Rand von Mittelfranken, dieses eher&hellip;<\/p>\n<p> <a class=\"more-link\" href=\"https:\/\/dorf.oberschoellenbach.de\/index.php\/oberschoellenbach\/\">Weiterlesen<\/a><\/p>\n","protected":false},"author":1,"featured_media":0,"parent":0,"menu_order":0,"comment_status":"closed","ping_status":"open","template":"","meta":{"footnotes":""},"class_list":["post-2","page","type-page","status-publish"],"jetpack_sharing_enabled":true,"_links":{"self":[{"href":"https:\/\/dorf.oberschoellenbach.de\/index.php\/wp-json\/wp\/v2\/pages\/2","targetHints":{"allow":["GET"]}}],"collection":[{"href":"https:\/\/dorf.oberschoellenbach.de\/index.php\/wp-json\/wp\/v2\/pages"}],"about":[{"href":"https:\/\/dorf.oberschoellenbach.de\/index.php\/wp-json\/wp\/v2\/types\/page"}],"author":[{"embeddable":true,"href":"https:\/\/dorf.oberschoellenbach.de\/index.php\/wp-json\/wp\/v2\/users\/1"}],"replies":[{"embeddable":true,"href":"https:\/\/dorf.oberschoellenbach.de\/index.php\/wp-json\/wp\/v2\/comments?post=2"}],"version-history":[{"count":6,"href":"https:\/\/dorf.oberschoellenbach.de\/index.php\/wp-json\/wp\/v2\/pages\/2\/revisions"}],"predecessor-version":[{"id":29,"href":"https:\/\/dorf.oberschoellenbach.de\/index.php\/wp-json\/wp\/v2\/pages\/2\/revisions\/29"}],"wp:attachment":[{"href":"https:\/\/dorf.oberschoellenbach.de\/index.php\/wp-json\/wp\/v2\/media?parent=2"}],"curies":[{"name":"wp","href":"https:\/\/api.w.org\/{rel}","templated":true}]}}